{"id":23,"date":"2024-04-29T11:24:10","date_gmt":"2024-04-29T09:24:10","guid":{"rendered":"https:\/\/www2.203104.numlog.fr\/?page_id=23"},"modified":"2024-08-28T11:05:26","modified_gmt":"2024-08-28T09:05:26","slug":"granulats","status":"publish","type":"page","link":"https:\/\/www2.203104.numlog.fr\/ro\/granulats\/","title":{"rendered":"GRANULAT"},"content":{"rendered":"<div class=\"wp-block-group has-global-padding is-layout-constrained wp-container-core-group-is-layout-2 wp-block-group-is-layout-constrained\" style=\"padding-right:var(--wp--preset--spacing--50);padding-left:var(--wp--preset--spacing--50)\" data-block-type=\"core\">\n<h2 class=\"wp-block-heading\" data-block-type=\"core\"><strong>Qu\u2019est ce que le granulat ?<\/strong><\/h2>\n\n\n\n<figure class=\"wp-block-image size-large\" data-block-type=\"core\"><img loading=\"lazy\" decoding=\"async\" width=\"1024\" height=\"173\" src=\"https:\/\/www2.203104.numlog.fr\/wp-content\/uploads\/2024\/06\/Banniere-Linkedin-1-1024x173.png\" alt=\"\" class=\"wp-image-1479\" srcset=\"https:\/\/www2.203104.numlog.fr\/wp-content\/uploads\/2024\/06\/Banniere-Linkedin-1-1024x173.png 1024w, https:\/\/www2.203104.numlog.fr\/wp-content\/uploads\/2024\/06\/Banniere-Linkedin-1-300x51.png 300w, https:\/\/www2.203104.numlog.fr\/wp-content\/uploads\/2024\/06\/Banniere-Linkedin-1-768x130.png 768w, https:\/\/www2.203104.numlog.fr\/wp-content\/uploads\/2024\/06\/Banniere-Linkedin-1-18x3.png 18w, https:\/\/www2.203104.numlog.fr\/wp-content\/uploads\/2024\/06\/Banniere-Linkedin-1.png 1128w\" sizes=\"(max-width: 1024px) 100vw, 1024px\" \/><\/figure>\n\n\n\n<p>Un granulat est un mat\u00e9riau granulaire, d\u2019origine min\u00e9rale ou recycl\u00e9e, dont la taille est comprise entre 0 et 125 mm. Il est principalement utilis\u00e9 dans le secteur du BTP (B\u00e2timent et Travaux Publics) pour la construction d\u2019ouvrages (b\u00e9tons, b\u00e2timents, ponts) et les travaux d\u2019infrastructure (routes, autoroutes, voies ferr\u00e9es).<\/p>\n\n\n\n<p>Les granulats se distinguent par leur nature, leur forme et leurs propri\u00e9t\u00e9s, qui varient en fonction de leur origine g\u00e9ologique et des proc\u00e9d\u00e9s de production employ\u00e9s. On trouve ainsi des granulats issus de :<\/p>\n\n\n\n<ul class=\"wp-block-list\" data-block-type=\"core\">\n<li data-block-type=\"core\">Roches meubles ou massives (alluvions glaciaires et marines, roches \u00e9ruptives, volcaniques, s\u00e9dimentaires et m\u00e9tamorphiques)<\/li>\n\n\n\n<li data-block-type=\"core\">Nisipuri \u0219i pietri\u0219uri de coast\u0103 \u0219i depozite aluvionare fluviale<\/li>\n\n\n\n<li data-block-type=\"core\">Straturi de nisip \u0219i gresie<\/li>\n<\/ul>\n\n\n\n<div class=\"wp-block-group has-custom-giron-gris-clair-background-color has-background has-global-padding is-layout-constrained wp-block-group-is-layout-constrained\" data-block-type=\"core\">\n<h3 class=\"wp-block-heading has-custom-giron-gris-clair-background-color has-background\" data-block-type=\"core\"><strong>Diferitele tipuri de agregate :<\/strong><\/h3>\n\n\n\n<p class=\"has-custom-giron-gris-clair-background-color has-background\">Pour d\u00e9couvrir \u00e0 quelle famille de granulats appartiennent des granulats de min\u00e9raux, il faut observer leur classe granulaire d\/D.  La classe granulaire, exprim\u00e9e sous <strong>la forme d\/D,<\/strong> est un indicateur pr\u00e9cieux pour d\u00e9terminer la famille \u00e0 laquelle appartient un granulat. Elle repr\u00e9sente la plus petite dimension (d) et la plus grande dimension (D) des grains composant ce granulat. En analysant la distribution granulom\u00e9trique, c\u2019est-\u00e0-dire la r\u00e9partition des grains selon leur taille, il est possible de classifier les granulats en diff\u00e9rentes cat\u00e9gories, chacune avec ses propri\u00e9t\u00e9s et ses usages sp\u00e9cifiques.<\/p>\n\n\n\n<div class=\"wp-block-media-text is-stacked-on-mobile\" style=\"grid-template-columns:25% auto\" data-block-type=\"core\"><figure class=\"wp-block-media-text__media\"><img loading=\"lazy\" decoding=\"async\" width=\"1024\" height=\"1024\" src=\"https:\/\/www2.203104.numlog.fr\/wp-content\/uploads\/2024\/08\/GRANN.png\" alt=\"\" class=\"wp-image-1481 size-full\" srcset=\"https:\/\/www2.203104.numlog.fr\/wp-content\/uploads\/2024\/08\/GRANN.png 1200w, https:\/\/www2.203104.numlog.fr\/wp-content\/uploads\/2024\/08\/GRANN-300x300.png 300w, https:\/\/www2.203104.numlog.fr\/wp-content\/uploads\/2024\/08\/GRANN-1024x1024.png 1024w, https:\/\/www2.203104.numlog.fr\/wp-content\/uploads\/2024\/08\/GRANN-150x150.png 150w, https:\/\/www2.203104.numlog.fr\/wp-content\/uploads\/2024\/08\/GRANN-768x768.png 768w, https:\/\/www2.203104.numlog.fr\/wp-content\/uploads\/2024\/08\/GRANN-12x12.png 12w\" sizes=\"(max-width: 1024px) 100vw, 1024px\" \/><\/figure><div class=\"wp-block-media-text__content\">\n<p>Les granulats de <strong>roches <\/strong>massives constituent une cat\u00e9gorie importante de granulats utilis\u00e9s dans le BTP (B\u00e2timent et Travaux Publics). Ils se distinguent par leur origine et leur mode de production, conf\u00e9rant des propri\u00e9t\u00e9s sp\u00e9cifiques \u00e0 ces mat\u00e9riaux.<\/p>\n<\/div><\/div>\n\n\n\n<div class=\"wp-block-media-text has-media-on-the-right is-stacked-on-mobile\" style=\"grid-template-columns:auto 25%\" data-block-type=\"core\"><div class=\"wp-block-media-text__content\">\n<p><span style=\"caret-color: rgb(0, 0, 0); color: rgb(0, 0, 0); font-family: Aptos, sans-serif; white-space: normal;\">Agregate <strong>depozite aluvionare<\/strong>, \u00e9galement appel\u00e9s granulats de roches meubles ou granulats roul\u00e9s, se distinguent par leur forme arrondie et leur origine s\u00e9dimentaire. Ils repr\u00e9sentent une cat\u00e9gorie importante de granulats utilis\u00e9s dans le BTP (B\u00e2timent et Travaux Publics).<\/span><\/p>\n<\/div><figure class=\"wp-block-media-text__media\"><img loading=\"lazy\" decoding=\"async\" width=\"1024\" height=\"1024\" src=\"https:\/\/www2.203104.numlog.fr\/wp-content\/uploads\/2024\/08\/GRAN.-.png\" alt=\"\" class=\"wp-image-1484 size-full\" srcset=\"https:\/\/www2.203104.numlog.fr\/wp-content\/uploads\/2024\/08\/GRAN.-.png 1200w, https:\/\/www2.203104.numlog.fr\/wp-content\/uploads\/2024\/08\/GRAN.--300x300.png 300w, https:\/\/www2.203104.numlog.fr\/wp-content\/uploads\/2024\/08\/GRAN.--1024x1024.png 1024w, https:\/\/www2.203104.numlog.fr\/wp-content\/uploads\/2024\/08\/GRAN.--150x150.png 150w, https:\/\/www2.203104.numlog.fr\/wp-content\/uploads\/2024\/08\/GRAN.--768x768.png 768w, https:\/\/www2.203104.numlog.fr\/wp-content\/uploads\/2024\/08\/GRAN.--12x12.png 12w\" sizes=\"(max-width: 1024px) 100vw, 1024px\" \/><\/figure><\/div>\n\n\n\n<div class=\"wp-block-media-text is-stacked-on-mobile\" style=\"grid-template-columns:25% auto\" data-block-type=\"core\"><figure class=\"wp-block-media-text__media\"><img loading=\"lazy\" decoding=\"async\" width=\"1024\" height=\"1024\" src=\"https:\/\/www2.203104.numlog.fr\/wp-content\/uploads\/2024\/08\/GRANN-2.png\" alt=\"\" class=\"wp-image-1485 size-full\" srcset=\"https:\/\/www2.203104.numlog.fr\/wp-content\/uploads\/2024\/08\/GRANN-2.png 1200w, https:\/\/www2.203104.numlog.fr\/wp-content\/uploads\/2024\/08\/GRANN-2-300x300.png 300w, https:\/\/www2.203104.numlog.fr\/wp-content\/uploads\/2024\/08\/GRANN-2-1024x1024.png 1024w, https:\/\/www2.203104.numlog.fr\/wp-content\/uploads\/2024\/08\/GRANN-2-150x150.png 150w, https:\/\/www2.203104.numlog.fr\/wp-content\/uploads\/2024\/08\/GRANN-2-768x768.png 768w, https:\/\/www2.203104.numlog.fr\/wp-content\/uploads\/2024\/08\/GRANN-2-12x12.png 12w\" sizes=\"(max-width: 1024px) 100vw, 1024px\" \/><\/figure><div class=\"wp-block-media-text__content\">\n<p>Agregate <strong>reciclate<\/strong>, issus du traitement de mat\u00e9riaux de construction usag\u00e9s, constituent une solution \u00e9cologique et prometteuse pour r\u00e9pondre aux enjeux environnementaux du secteur du BTP (B\u00e2timent et Travaux Publics). Ils repr\u00e9sentent une alternative durable aux granulats naturels tout en contribuant \u00e0 l\u2019\u00e9conomie circulaire.<\/p>\n<\/div><\/div>\n\n\n\n<div class=\"wp-block-media-text has-media-on-the-right is-stacked-on-mobile\" style=\"grid-template-columns:auto 25%\" data-block-type=\"core\"><div class=\"wp-block-media-text__content\">\n<p>Agregate <strong>marinari<\/strong>, constitu\u00e9s de sables et graviers siliceux et calcaires, repr\u00e9sentent une ressource min\u00e9rale pr\u00e9cieuse enfouie dans les fonds marins. Leur exploitation croissante soul\u00e8ve des enjeux environnementaux et soci\u00e9taux importants, qu\u2019il convient de consid\u00e9rer en parall\u00e8le de leurs avantages et de leurs applications dans le domaine du BTP (B\u00e2timent et Travaux Publics).<\/p>\n<\/div><figure class=\"wp-block-media-text__media\"><img loading=\"lazy\" decoding=\"async\" width=\"1024\" height=\"1024\" src=\"https:\/\/www2.203104.numlog.fr\/wp-content\/uploads\/2024\/08\/GRANNN.png\" alt=\"\" class=\"wp-image-1486 size-full\" srcset=\"https:\/\/www2.203104.numlog.fr\/wp-content\/uploads\/2024\/08\/GRANNN.png 1200w, https:\/\/www2.203104.numlog.fr\/wp-content\/uploads\/2024\/08\/GRANNN-300x300.png 300w, https:\/\/www2.203104.numlog.fr\/wp-content\/uploads\/2024\/08\/GRANNN-1024x1024.png 1024w, https:\/\/www2.203104.numlog.fr\/wp-content\/uploads\/2024\/08\/GRANNN-150x150.png 150w, https:\/\/www2.203104.numlog.fr\/wp-content\/uploads\/2024\/08\/GRANNN-768x768.png 768w, https:\/\/www2.203104.numlog.fr\/wp-content\/uploads\/2024\/08\/GRANNN-12x12.png 12w\" sizes=\"(max-width: 1024px) 100vw, 1024px\" \/><\/figure><\/div>\n\n\n\n<p>Pentru a fi utilizate, agregatele sunt clasificate \u00een func\u021bie de dimensiunea particulelor lor. \u00cen acest scop, acestea sunt supuse mai multor tratamente, cum ar fi zdrobirea \u0219i, mai ales, cernerea, care vor permite clasificarea \u0219i sortarea produselor \u00een func\u021bie de clasa lor dimensional\u0103 recuperabil\u0103, caracterizat\u0103 prin cea mai mic\u0103 dimensiune (mm), denumit\u0103 \"d\", \u0219i cea mai mare dimensiune, denumit\u0103 \"D\":<\/p>\n\n\n\n<figure class=\"wp-block-table\" data-block-type=\"core\"><table><tbody><tr><td><strong>Denumire (Fran\u021ba)<\/strong><\/td><td><strong>d<\/strong><\/td><td><strong>D<\/strong><\/td><\/tr><tr><td><strong>Bine<\/strong><\/td><td><em>0<\/em><\/td><td><em>\u2264<\/em><em> 0.63<\/em><\/td><\/tr><tr><td><strong>Nisip<\/strong><\/td><td><em>0<\/em><\/td><td><em>\u2264<\/em><em> 6.3<\/em><\/td><\/tr><tr><td><strong>Pietri\u0219<\/strong><\/td><td>\u2265<em> 2<\/em><\/td><td><em>\u2264 31.5<\/em><\/td><\/tr><tr><td><strong>Serios<\/strong><\/td><td><em>0<\/em><\/td><td><em>\u2264 100<\/em><\/td><\/tr><tr><td><strong>Pietricele<\/strong><\/td><td>\u2265 <em>20<\/em><\/td><td><em>\u2264 150<\/em><\/td><\/tr><\/tbody><\/table><\/figure>\n\n\n\n<p><\/p>\n<\/div>\n\n\n\n<h2 class=\"wp-block-heading\" data-block-type=\"core\"><strong><strong>A QUOI SERVENT LES GRANULATS ?<\/strong><\/strong><\/h2>\n\n\n\n<p>Les granulats, ces mat\u00e9riaux granulaires d\u2019origine min\u00e9rale ou recycl\u00e9e, jouent un r\u00f4le crucial dans la construction de notre environnement b\u00e2ti. Ils sont omnipr\u00e9sents dans les ouvrages de g\u00e9nie civil, les travaux routiers et les b\u00e2timents, contribuant \u00e0 la solidit\u00e9, \u00e0 la durabilit\u00e9 et \u00e0 la fonctionnalit\u00e9 de nos infrastructures et de nos habitats.<\/p>\n\n\n\n<p>Industria agregatelor se angajeaz\u0103 continuu s\u0103 \u00ee\u0219i \u00eembun\u0103t\u0103\u021beasc\u0103 practicile \u0219i s\u0103 promoveze utilizarea responsabil\u0103 a acestor resurse pre\u021bioase.<\/p>\n\n\n\n<p>Timp de aproape un secol, <a href=\"https:\/\/www2.203104.numlog.fr\/ro\/contact\/\">GIRON \u0219i echipele sale<\/a> colaboreaz\u0103 cu clien\u021bii s\u0103i pentru criblarea materialelor. Tehnicienii no\u0219tri ofer\u0103 consultan\u021b\u0103 \u0219i o gam\u0103 complet\u0103 de medii de screening, inclusiv <a href=\"https:\/\/www2.203104.numlog.fr\/ro\/produits\/toiles-metalliques\/\">metalic<\/a> \u0219i \u00een <a href=\"https:\/\/www2.203104.numlog.fr\/ro\/produits\/polyurethane-tendu\/\">sintetic<\/a>, afin de permettre \u00e0 nos clients <strong>d\u2019obtenir le co\u00fbt \u00e0 la tonne cribl\u00e9e le plus ad\u00e9quate<\/strong>respect\u00e2nd \u00een acela\u0219i timp specifica\u021biile \u0219i standardele de utilizare pentru produsele lor<\/p>\n\n\n\n<p>Les granulats constituent des mat\u00e9riaux essentiels, avec des applications diverses et un r\u00f4le crucial dans la construction et l\u2019am\u00e9nagement de notre environnement. Leur production et leur utilisation doivent toutefois se faire dans le respect des principes du d\u00e9veloppement durable, en privil\u00e9giant les solutions de recyclage et en minimisant les impacts environnementaux.<\/p>\n\n\n\n<div class=\"wp-block-buttons is-content-justification-center is-layout-flex wp-container-core-buttons-is-layout-1 wp-block-buttons-is-layout-flex\" data-block-type=\"core\">\n<div class=\"wp-block-button has-custom-width wp-block-button__width-50\" data-aos=\"flip-up\" data-block-type=\"core\"><a class=\"wp-block-button__link wp-element-button\" href=\"https:\/\/www.unpg.fr\/le-granulat\/lusage-des-granulats\/\" target=\"_blank\" rel=\"noreferrer noopener\">AFLA\u021aI MAI MULTE DESPRE AGREGATE<\/a><\/div>\n<\/div>\n<\/div>","protected":false},"excerpt":{"rendered":"<p>Qu\u2019est ce que le granulat ? Un granulat est un mat\u00e9riau granulaire, d&rsquo;origine min\u00e9rale ou recycl\u00e9e, dont la taille est [&hellip;]<\/p>","protected":false},"author":3,"featured_media":0,"parent":0,"menu_order":0,"comment_status":"closed","ping_status":"closed","template":"","meta":{"_acf_changed":false,"footnotes":""},"class_list":["post-23","page","type-page","status-publish","hentry"],"acf":[],"yoast_head":"<!-- This site is optimized with the Yoast SEO plugin v23.4 - https:\/\/yoast.com\/wordpress\/plugins\/seo\/ -->\n<title>LES GRANULATS - Giron<\/title>\n<meta name=\"description\" content=\"Un granulat est un mat\u00e9riau granulaire, d&#039;origine min\u00e9rale ou recycl\u00e9e, principalement utilis\u00e9 dans le secteur du BTP.\" \/>\n<meta name=\"robots\" content=\"noindex, follow, max-snippet:-1, max-image-preview:large, max-video-preview:-1\" \/>\n<meta property=\"og:locale\" content=\"ro_RO\" \/>\n<meta property=\"og:type\" content=\"article\" \/>\n<meta property=\"og:title\" content=\"LES GRANULATS - Giron\" \/>\n<meta property=\"og:description\" content=\"Un granulat est un mat\u00e9riau granulaire, d&#039;origine min\u00e9rale ou recycl\u00e9e, principalement utilis\u00e9 dans le secteur du BTP.\" \/>\n<meta property=\"og:url\" content=\"https:\/\/www2.203104.numlog.fr\/ro\/granulats\/\" \/>\n<meta property=\"og:site_name\" content=\"Giron\" \/>\n<meta property=\"article:modified_time\" content=\"2024-08-28T09:05:26+00:00\" \/>\n<meta property=\"og:image\" content=\"https:\/\/www2.203104.numlog.fr\/wp-content\/uploads\/2024\/06\/Banniere-Linkedin-1-1024x173.png\" \/>\n<meta name=\"twitter:card\" content=\"summary_large_image\" \/>\n<meta name=\"twitter:label1\" content=\"Est. reading time\" \/>\n\t<meta name=\"twitter:data1\" content=\"5 minutes\" \/>\n<script type=\"application\/ld+json\" class=\"yoast-schema-graph\">{\"@context\":\"https:\/\/schema.org\",\"@graph\":[{\"@type\":\"WebPage\",\"@id\":\"https:\/\/www2.203104.numlog.fr\/granulats\/\",\"url\":\"https:\/\/www2.203104.numlog.fr\/granulats\/\",\"name\":\"LES GRANULATS - Giron\",\"isPartOf\":{\"@id\":\"https:\/\/www2.203104.numlog.fr\/#website\"},\"primaryImageOfPage\":{\"@id\":\"https:\/\/www2.203104.numlog.fr\/granulats\/#primaryimage\"},\"image\":{\"@id\":\"https:\/\/www2.203104.numlog.fr\/granulats\/#primaryimage\"},\"thumbnailUrl\":\"https:\/\/www2.203104.numlog.fr\/wp-content\/uploads\/2024\/06\/Banniere-Linkedin-1-1024x173.png\",\"datePublished\":\"2024-04-29T09:24:10+00:00\",\"dateModified\":\"2024-08-28T09:05:26+00:00\",\"description\":\"Un granulat est un mat\u00e9riau granulaire, d'origine min\u00e9rale ou recycl\u00e9e, principalement utilis\u00e9 dans le secteur du BTP.\",\"breadcrumb\":{\"@id\":\"https:\/\/www2.203104.numlog.fr\/granulats\/#breadcrumb\"},\"inLanguage\":\"ro-RO\",\"potentialAction\":[{\"@type\":\"ReadAction\",\"target\":[\"https:\/\/www2.203104.numlog.fr\/granulats\/\"]}]},{\"@type\":\"ImageObject\",\"inLanguage\":\"ro-RO\",\"@id\":\"https:\/\/www2.203104.numlog.fr\/granulats\/#primaryimage\",\"url\":\"https:\/\/www2.203104.numlog.fr\/wp-content\/uploads\/2024\/06\/Banniere-Linkedin-1-1024x173.png\",\"contentUrl\":\"https:\/\/www2.203104.numlog.fr\/wp-content\/uploads\/2024\/06\/Banniere-Linkedin-1-1024x173.png\"},{\"@type\":\"BreadcrumbList\",\"@id\":\"https:\/\/www2.203104.numlog.fr\/granulats\/#breadcrumb\",\"itemListElement\":[{\"@type\":\"ListItem\",\"position\":1,\"name\":\"Home\",\"item\":\"https:\/\/www2.203104.numlog.fr\/\"},{\"@type\":\"ListItem\",\"position\":2,\"name\":\"LES GRANULATS\"}]},{\"@type\":\"WebSite\",\"@id\":\"https:\/\/www2.203104.numlog.fr\/#website\",\"url\":\"https:\/\/www2.203104.numlog.fr\/\",\"name\":\"Giron\",\"description\":\"Fabricant fran\u00e7ais de toile de criblage en acier et polyur\u00e9thane\",\"publisher\":{\"@id\":\"https:\/\/www2.203104.numlog.fr\/#organization\"},\"potentialAction\":[{\"@type\":\"SearchAction\",\"target\":{\"@type\":\"EntryPoint\",\"urlTemplate\":\"https:\/\/www2.203104.numlog.fr\/?s={search_term_string}\"},\"query-input\":{\"@type\":\"PropertyValueSpecification\",\"valueRequired\":true,\"valueName\":\"search_term_string\"}}],\"inLanguage\":\"ro-RO\"},{\"@type\":\"Organization\",\"@id\":\"https:\/\/www2.203104.numlog.fr\/#organization\",\"name\":\"Giron\",\"url\":\"https:\/\/www2.203104.numlog.fr\/\",\"logo\":{\"@type\":\"ImageObject\",\"inLanguage\":\"ro-RO\",\"@id\":\"https:\/\/www2.203104.numlog.fr\/#\/schema\/logo\/image\/\",\"url\":\"https:\/\/www2.203104.numlog.fr\/wp-content\/uploads\/2024\/07\/Logo-Giron-Baseline-FR.png\",\"contentUrl\":\"https:\/\/www2.203104.numlog.fr\/wp-content\/uploads\/2024\/07\/Logo-Giron-Baseline-FR.png\",\"width\":1772,\"height\":591,\"caption\":\"Giron\"},\"image\":{\"@id\":\"https:\/\/www2.203104.numlog.fr\/#\/schema\/logo\/image\/\"}}]}<\/script>\n<!-- \/ Yoast SEO plugin. -->","yoast_head_json":{"title":"LES GRANULATS - Giron","description":"Un granulat est un mat\u00e9riau granulaire, d'origine min\u00e9rale ou recycl\u00e9e, principalement utilis\u00e9 dans le secteur du BTP.","robots":{"index":"noindex","follow":"follow","max-snippet":"max-snippet:-1","max-image-preview":"max-image-preview:large","max-video-preview":"max-video-preview:-1"},"og_locale":"ro_RO","og_type":"article","og_title":"LES GRANULATS - Giron","og_description":"Un granulat est un mat\u00e9riau granulaire, d'origine min\u00e9rale ou recycl\u00e9e, principalement utilis\u00e9 dans le secteur du BTP.","og_url":"https:\/\/www2.203104.numlog.fr\/ro\/granulats\/","og_site_name":"Giron","article_modified_time":"2024-08-28T09:05:26+00:00","og_image":[{"url":"https:\/\/www2.203104.numlog.fr\/wp-content\/uploads\/2024\/06\/Banniere-Linkedin-1-1024x173.png"}],"twitter_card":"summary_large_image","twitter_misc":{"Est. reading time":"5 minutes"},"schema":{"@context":"https:\/\/schema.org","@graph":[{"@type":"WebPage","@id":"https:\/\/www2.203104.numlog.fr\/granulats\/","url":"https:\/\/www2.203104.numlog.fr\/granulats\/","name":"LES GRANULATS - Giron","isPartOf":{"@id":"https:\/\/www2.203104.numlog.fr\/#website"},"primaryImageOfPage":{"@id":"https:\/\/www2.203104.numlog.fr\/granulats\/#primaryimage"},"image":{"@id":"https:\/\/www2.203104.numlog.fr\/granulats\/#primaryimage"},"thumbnailUrl":"https:\/\/www2.203104.numlog.fr\/wp-content\/uploads\/2024\/06\/Banniere-Linkedin-1-1024x173.png","datePublished":"2024-04-29T09:24:10+00:00","dateModified":"2024-08-28T09:05:26+00:00","description":"Un granulat est un mat\u00e9riau granulaire, d'origine min\u00e9rale ou recycl\u00e9e, principalement utilis\u00e9 dans le secteur du BTP.","breadcrumb":{"@id":"https:\/\/www2.203104.numlog.fr\/granulats\/#breadcrumb"},"inLanguage":"ro-RO","potentialAction":[{"@type":"ReadAction","target":["https:\/\/www2.203104.numlog.fr\/granulats\/"]}]},{"@type":"ImageObject","inLanguage":"ro-RO","@id":"https:\/\/www2.203104.numlog.fr\/granulats\/#primaryimage","url":"https:\/\/www2.203104.numlog.fr\/wp-content\/uploads\/2024\/06\/Banniere-Linkedin-1-1024x173.png","contentUrl":"https:\/\/www2.203104.numlog.fr\/wp-content\/uploads\/2024\/06\/Banniere-Linkedin-1-1024x173.png"},{"@type":"BreadcrumbList","@id":"https:\/\/www2.203104.numlog.fr\/granulats\/#breadcrumb","itemListElement":[{"@type":"ListItem","position":1,"name":"Home","item":"https:\/\/www2.203104.numlog.fr\/"},{"@type":"ListItem","position":2,"name":"LES GRANULATS"}]},{"@type":"WebSite","@id":"https:\/\/www2.203104.numlog.fr\/#website","url":"https:\/\/www2.203104.numlog.fr\/","name":"Giron","description":"Fabricant fran\u00e7ais de toile de criblage en acier et polyur\u00e9thane","publisher":{"@id":"https:\/\/www2.203104.numlog.fr\/#organization"},"potentialAction":[{"@type":"SearchAction","target":{"@type":"EntryPoint","urlTemplate":"https:\/\/www2.203104.numlog.fr\/?s={search_term_string}"},"query-input":{"@type":"PropertyValueSpecification","valueRequired":true,"valueName":"search_term_string"}}],"inLanguage":"ro-RO"},{"@type":"Organization","@id":"https:\/\/www2.203104.numlog.fr\/#organization","name":"Giron","url":"https:\/\/www2.203104.numlog.fr\/","logo":{"@type":"ImageObject","inLanguage":"ro-RO","@id":"https:\/\/www2.203104.numlog.fr\/#\/schema\/logo\/image\/","url":"https:\/\/www2.203104.numlog.fr\/wp-content\/uploads\/2024\/07\/Logo-Giron-Baseline-FR.png","contentUrl":"https:\/\/www2.203104.numlog.fr\/wp-content\/uploads\/2024\/07\/Logo-Giron-Baseline-FR.png","width":1772,"height":591,"caption":"Giron"},"image":{"@id":"https:\/\/www2.203104.numlog.fr\/#\/schema\/logo\/image\/"}}]}},"_links":{"self":[{"href":"https:\/\/www2.203104.numlog.fr\/ro\/wp-json\/wp\/v2\/pages\/23"}],"collection":[{"href":"https:\/\/www2.203104.numlog.fr\/ro\/wp-json\/wp\/v2\/pages"}],"about":[{"href":"https:\/\/www2.203104.numlog.fr\/ro\/wp-json\/wp\/v2\/types\/page"}],"author":[{"embeddable":true,"href":"https:\/\/www2.203104.numlog.fr\/ro\/wp-json\/wp\/v2\/users\/3"}],"replies":[{"embeddable":true,"href":"https:\/\/www2.203104.numlog.fr\/ro\/wp-json\/wp\/v2\/comments?post=23"}],"version-history":[{"count":14,"href":"https:\/\/www2.203104.numlog.fr\/ro\/wp-json\/wp\/v2\/pages\/23\/revisions"}],"predecessor-version":[{"id":1930,"href":"https:\/\/www2.203104.numlog.fr\/ro\/wp-json\/wp\/v2\/pages\/23\/revisions\/1930"}],"wp:attachment":[{"href":"https:\/\/www2.203104.numlog.fr\/ro\/wp-json\/wp\/v2\/media?parent=23"}],"curies":[{"name":"wp","href":"https:\/\/api.w.org\/{rel}","templated":true}]}}