{"id":1459,"date":"2024-06-25T18:09:14","date_gmt":"2024-06-25T16:09:14","guid":{"rendered":"https:\/\/www2.203104.numlog.fr\/?page_id=1459"},"modified":"2024-08-28T11:14:28","modified_gmt":"2024-08-28T09:14:28","slug":"emploi","status":"publish","type":"page","link":"https:\/\/www2.203104.numlog.fr\/ro\/accueil\/emploi\/","title":{"rendered":"AL\u0102TUR\u0102-TE NOU\u0102"},"content":{"rendered":"<div class=\"wp-block-group has-global-padding is-layout-constrained wp-block-group-is-layout-constrained\" data-block-type=\"core\">\n<h2 class=\"wp-block-heading\" data-block-type=\"core\">Munc\u0103 stimulativ\u0103 \u00een centrul unei companii \u00een mi\u0219care<\/h2>\n\n\n\n<h3 class=\"wp-block-heading\" data-block-type=\"core\"><strong>For\u021ba noastr\u0103 motrice: energia colectiv\u0103<\/strong><\/h3>\n\n\n\n<p>Rejoindre Giron, c\u2019est int\u00e9grer un groupe \u00e0 la pointe de son secteur, reconnu pour son leadership et son innovation. Au quotidien, nous relevons les d\u00e9fis de la toile de criblage, de l\u2019innovation, de la transition \u00e9nerg\u00e9tique et de la pr\u00e9servation de l\u2019environnement.<\/p>\n\n\n\n<p>Depuis toujours, c\u2019est notre esprit d\u2019\u00e9quipe, notre attention port\u00e9e \u00e0 nos collaborateurs et notre engagement \u00e0 accompagner nos clients qui nous poussent \u00e0 l\u2019excellence.<\/p>\n\n\n\n<p>Travailler chez Giron, c\u2019est s\u2019\u00e9panouir dans un environnement collaboratif o\u00f9 l\u2019\u00e9coute et l\u2019\u00e9change sont au c\u0153ur de nos interactions. Vous rejoindrez une entreprise ambitieuse et bienveillante qui vous encourage \u00e0 d\u00e9passer vos limites et vous ouvre de nouvelles perspectives, en France comme \u00e0 l\u2019international.<\/p>\n\n\n\n<p><strong>Dac\u0103 sunte\u021bi \u00een c\u0103utarea unei activit\u0103\u021bi stimulante \u00eentr-o companie cu cre\u0219tere rapid\u0103, Giron este locul potrivit pentru dvs.<\/strong><\/p>\n\n\n\n<div class=\"wp-block-buttons alignwide is-content-justification-center is-layout-flex wp-container-core-buttons-is-layout-1 wp-block-buttons-is-layout-flex\" data-block-type=\"core\">\n<div class=\"wp-block-button has-custom-width wp-block-button__width-100\" data-aos=\"flip-up\" data-block-type=\"core\"><a class=\"wp-block-button__link wp-element-button\" href=\"https:\/\/www2.203104.numlog.fr\/ro\/contact\/\" target=\"_blank\" rel=\"noreferrer noopener\">TRIMITE\u021aI O CERERE NESOLICITAT\u0102<\/a><\/div>\n<\/div>\n<\/div>\n\n\n\n<div class=\"wp-block-group has-global-padding is-layout-constrained wp-block-group-is-layout-constrained\" data-block-type=\"core\">\n<h2 class=\"wp-block-heading\" data-block-type=\"core\">Afla\u021bi despre ofertele noastre actuale de locuri de munc\u0103 :<\/h2>\n\n\n\n<div data-wp-interactive=\"core\/file\" class=\"wp-block-file aligncenter\" data-block-type=\"core\"><object data-wp-bind--hidden=\"!state.hasPdfPreview\"  class=\"wp-block-file__embed\" data=\"https:\/\/www2.203104.numlog.fr\/wp-content\/uploads\/2024\/06\/offre-emploi-GIRON.pdf\" type=\"application\/pdf\" style=\"width:100%;height:794px\" aria-label=\"Embed of Offre Transport manager - shipping.\"><\/object><a id=\"wp-block-file--media-24b6a73d-6394-4c38-90af-201616db6a29\" href=\"https:\/\/www2.203104.numlog.fr\/wp-content\/uploads\/2024\/06\/offre-emploi-GIRON.pdf\" target=\"_blank\" rel=\"noreferrer noopener\">Ofert\u0103 Manager transport - Transport maritim<\/a><a href=\"https:\/\/www2.203104.numlog.fr\/wp-content\/uploads\/2024\/06\/offre-emploi-GIRON.pdf\" class=\"wp-block-file__button wp-element-button\" download aria-describedby=\"wp-block-file--media-24b6a73d-6394-4c38-90af-201616db6a29\">Desc\u0103rcare<\/a><\/div>\n\n\n\n<div style=\"height:40px\" aria-hidden=\"true\" class=\"wp-block-spacer\" data-block-type=\"core\"><\/div>\n<\/div>","protected":false},"excerpt":{"rendered":"<p>Un travail stimulant au c\u0153ur d&rsquo;une entreprise en mouvement Notre force motrice : l&rsquo;\u00e9nergie collective Rejoindre Giron, c&rsquo;est int\u00e9grer un [&hellip;]<\/p>","protected":false},"author":3,"featured_media":0,"parent":750,"menu_order":4,"comment_status":"closed","ping_status":"closed","template":"","meta":{"_acf_changed":false,"footnotes":""},"class_list":["post-1459","page","type-page","status-publish","hentry"],"acf":[],"yoast_head":"<!-- This site is optimized with the Yoast SEO plugin v23.4 - https:\/\/yoast.com\/wordpress\/plugins\/seo\/ -->\n<title>NOUS REJOINDRE - Giron<\/title>\n<meta name=\"description\" content=\"Rejoindre Giron, c&#039;est int\u00e9grer un groupe \u00e0 la pointe de son secteur, reconnu pour son leadership et son innovation.\" \/>\n<meta name=\"robots\" content=\"noindex, follow, max-snippet:-1, max-image-preview:large, max-video-preview:-1\" \/>\n<meta property=\"og:locale\" content=\"ro_RO\" \/>\n<meta property=\"og:type\" content=\"article\" \/>\n<meta property=\"og:title\" content=\"NOUS REJOINDRE - Giron\" \/>\n<meta property=\"og:description\" content=\"Rejoindre Giron, c&#039;est int\u00e9grer un groupe \u00e0 la pointe de son secteur, reconnu pour son leadership et son innovation.\" \/>\n<meta property=\"og:url\" content=\"https:\/\/www2.203104.numlog.fr\/ro\/accueil\/emploi\/\" \/>\n<meta property=\"og:site_name\" content=\"Giron\" \/>\n<meta property=\"article:modified_time\" content=\"2024-08-28T09:14:28+00:00\" \/>\n<meta name=\"twitter:card\" content=\"summary_large_image\" \/>\n<meta name=\"twitter:label1\" content=\"Est. reading time\" \/>\n\t<meta name=\"twitter:data1\" content=\"2 minutes\" \/>\n<script type=\"application\/ld+json\" class=\"yoast-schema-graph\">{\"@context\":\"https:\/\/schema.org\",\"@graph\":[{\"@type\":\"WebPage\",\"@id\":\"https:\/\/www2.203104.numlog.fr\/accueil\/emploi\/\",\"url\":\"https:\/\/www2.203104.numlog.fr\/accueil\/emploi\/\",\"name\":\"NOUS REJOINDRE - Giron\",\"isPartOf\":{\"@id\":\"https:\/\/www2.203104.numlog.fr\/#website\"},\"datePublished\":\"2024-06-25T16:09:14+00:00\",\"dateModified\":\"2024-08-28T09:14:28+00:00\",\"description\":\"Rejoindre Giron, c'est int\u00e9grer un groupe \u00e0 la pointe de son secteur, reconnu pour son leadership et son innovation.\",\"breadcrumb\":{\"@id\":\"https:\/\/www2.203104.numlog.fr\/accueil\/emploi\/#breadcrumb\"},\"inLanguage\":\"ro-RO\",\"potentialAction\":[{\"@type\":\"ReadAction\",\"target\":[\"https:\/\/www2.203104.numlog.fr\/accueil\/emploi\/\"]}]},{\"@type\":\"BreadcrumbList\",\"@id\":\"https:\/\/www2.203104.numlog.fr\/accueil\/emploi\/#breadcrumb\",\"itemListElement\":[{\"@type\":\"ListItem\",\"position\":1,\"name\":\"Home\",\"item\":\"https:\/\/www2.203104.numlog.fr\/\"},{\"@type\":\"ListItem\",\"position\":2,\"name\":\"Accueil\",\"item\":\"https:\/\/www2.203104.numlog.fr\/\"},{\"@type\":\"ListItem\",\"position\":3,\"name\":\"NOUS REJOINDRE\"}]},{\"@type\":\"WebSite\",\"@id\":\"https:\/\/www2.203104.numlog.fr\/#website\",\"url\":\"https:\/\/www2.203104.numlog.fr\/\",\"name\":\"Giron\",\"description\":\"Fabricant fran\u00e7ais de toile de criblage en acier et polyur\u00e9thane\",\"publisher\":{\"@id\":\"https:\/\/www2.203104.numlog.fr\/#organization\"},\"potentialAction\":[{\"@type\":\"SearchAction\",\"target\":{\"@type\":\"EntryPoint\",\"urlTemplate\":\"https:\/\/www2.203104.numlog.fr\/?s={search_term_string}\"},\"query-input\":{\"@type\":\"PropertyValueSpecification\",\"valueRequired\":true,\"valueName\":\"search_term_string\"}}],\"inLanguage\":\"ro-RO\"},{\"@type\":\"Organization\",\"@id\":\"https:\/\/www2.203104.numlog.fr\/#organization\",\"name\":\"Giron\",\"url\":\"https:\/\/www2.203104.numlog.fr\/\",\"logo\":{\"@type\":\"ImageObject\",\"inLanguage\":\"ro-RO\",\"@id\":\"https:\/\/www2.203104.numlog.fr\/#\/schema\/logo\/image\/\",\"url\":\"https:\/\/www2.203104.numlog.fr\/wp-content\/uploads\/2024\/07\/Logo-Giron-Baseline-FR.png\",\"contentUrl\":\"https:\/\/www2.203104.numlog.fr\/wp-content\/uploads\/2024\/07\/Logo-Giron-Baseline-FR.png\",\"width\":1772,\"height\":591,\"caption\":\"Giron\"},\"image\":{\"@id\":\"https:\/\/www2.203104.numlog.fr\/#\/schema\/logo\/image\/\"}}]}<\/script>\n<!-- \/ Yoast SEO plugin. -->","yoast_head_json":{"title":"NOUS REJOINDRE - Giron","description":"Rejoindre Giron, c'est int\u00e9grer un groupe \u00e0 la pointe de son secteur, reconnu pour son leadership et son innovation.","robots":{"index":"noindex","follow":"follow","max-snippet":"max-snippet:-1","max-image-preview":"max-image-preview:large","max-video-preview":"max-video-preview:-1"},"og_locale":"ro_RO","og_type":"article","og_title":"NOUS REJOINDRE - Giron","og_description":"Rejoindre Giron, c'est int\u00e9grer un groupe \u00e0 la pointe de son secteur, reconnu pour son leadership et son innovation.","og_url":"https:\/\/www2.203104.numlog.fr\/ro\/accueil\/emploi\/","og_site_name":"Giron","article_modified_time":"2024-08-28T09:14:28+00:00","twitter_card":"summary_large_image","twitter_misc":{"Est. reading time":"2 minutes"},"schema":{"@context":"https:\/\/schema.org","@graph":[{"@type":"WebPage","@id":"https:\/\/www2.203104.numlog.fr\/accueil\/emploi\/","url":"https:\/\/www2.203104.numlog.fr\/accueil\/emploi\/","name":"NOUS REJOINDRE - Giron","isPartOf":{"@id":"https:\/\/www2.203104.numlog.fr\/#website"},"datePublished":"2024-06-25T16:09:14+00:00","dateModified":"2024-08-28T09:14:28+00:00","description":"Rejoindre Giron, c'est int\u00e9grer un groupe \u00e0 la pointe de son secteur, reconnu pour son leadership et son innovation.","breadcrumb":{"@id":"https:\/\/www2.203104.numlog.fr\/accueil\/emploi\/#breadcrumb"},"inLanguage":"ro-RO","potentialAction":[{"@type":"ReadAction","target":["https:\/\/www2.203104.numlog.fr\/accueil\/emploi\/"]}]},{"@type":"BreadcrumbList","@id":"https:\/\/www2.203104.numlog.fr\/accueil\/emploi\/#breadcrumb","itemListElement":[{"@type":"ListItem","position":1,"name":"Home","item":"https:\/\/www2.203104.numlog.fr\/"},{"@type":"ListItem","position":2,"name":"Accueil","item":"https:\/\/www2.203104.numlog.fr\/"},{"@type":"ListItem","position":3,"name":"NOUS REJOINDRE"}]},{"@type":"WebSite","@id":"https:\/\/www2.203104.numlog.fr\/#website","url":"https:\/\/www2.203104.numlog.fr\/","name":"Giron","description":"Fabricant fran\u00e7ais de toile de criblage en acier et polyur\u00e9thane","publisher":{"@id":"https:\/\/www2.203104.numlog.fr\/#organization"},"potentialAction":[{"@type":"SearchAction","target":{"@type":"EntryPoint","urlTemplate":"https:\/\/www2.203104.numlog.fr\/?s={search_term_string}"},"query-input":{"@type":"PropertyValueSpecification","valueRequired":true,"valueName":"search_term_string"}}],"inLanguage":"ro-RO"},{"@type":"Organization","@id":"https:\/\/www2.203104.numlog.fr\/#organization","name":"Giron","url":"https:\/\/www2.203104.numlog.fr\/","logo":{"@type":"ImageObject","inLanguage":"ro-RO","@id":"https:\/\/www2.203104.numlog.fr\/#\/schema\/logo\/image\/","url":"https:\/\/www2.203104.numlog.fr\/wp-content\/uploads\/2024\/07\/Logo-Giron-Baseline-FR.png","contentUrl":"https:\/\/www2.203104.numlog.fr\/wp-content\/uploads\/2024\/07\/Logo-Giron-Baseline-FR.png","width":1772,"height":591,"caption":"Giron"},"image":{"@id":"https:\/\/www2.203104.numlog.fr\/#\/schema\/logo\/image\/"}}]}},"_links":{"self":[{"href":"https:\/\/www2.203104.numlog.fr\/ro\/wp-json\/wp\/v2\/pages\/1459"}],"collection":[{"href":"https:\/\/www2.203104.numlog.fr\/ro\/wp-json\/wp\/v2\/pages"}],"about":[{"href":"https:\/\/www2.203104.numlog.fr\/ro\/wp-json\/wp\/v2\/types\/page"}],"author":[{"embeddable":true,"href":"https:\/\/www2.203104.numlog.fr\/ro\/wp-json\/wp\/v2\/users\/3"}],"replies":[{"embeddable":true,"href":"https:\/\/www2.203104.numlog.fr\/ro\/wp-json\/wp\/v2\/comments?post=1459"}],"version-history":[{"count":4,"href":"https:\/\/www2.203104.numlog.fr\/ro\/wp-json\/wp\/v2\/pages\/1459\/revisions"}],"predecessor-version":[{"id":1938,"href":"https:\/\/www2.203104.numlog.fr\/ro\/wp-json\/wp\/v2\/pages\/1459\/revisions\/1938"}],"up":[{"embeddable":true,"href":"https:\/\/www2.203104.numlog.fr\/ro\/wp-json\/wp\/v2\/pages\/750"}],"wp:attachment":[{"href":"https:\/\/www2.203104.numlog.fr\/ro\/wp-json\/wp\/v2\/media?parent=1459"}],"curies":[{"name":"wp","href":"https:\/\/api.w.org\/{rel}","templated":true}]}}