{"id":91,"date":"2024-04-29T12:04:57","date_gmt":"2024-04-29T10:04:57","guid":{"rendered":"https:\/\/www2.203104.numlog.fr\/?page_id=91"},"modified":"2024-08-30T16:59:47","modified_gmt":"2024-08-30T14:59:47","slug":"mentions-legales","status":"publish","type":"page","link":"https:\/\/www2.203104.numlog.fr\/es\/mentions-legales\/","title":{"rendered":"Informaci\u00f3n jur\u00eddica"},"content":{"rendered":"<div class=\"wp-block-columns is-layout-flex wp-container-core-columns-is-layout-1 wp-block-columns-is-layout-flex\" data-block-type=\"core\">\n<div class=\"wp-block-column has-global-padding is-layout-constrained wp-block-column-is-layout-constrained\" data-block-type=\"core\">\n<p>De conformidad con las disposiciones de la Ley n\u00ba 2004-575, de 21 de junio de 2004, sobre la confianza en la econom\u00eda digital, se informa a los usuarios y visitantes (en lo sucesivo, los \"Usuarios\") de lo siguiente <strong>Usuario<\/strong>el sitio web giron.fr, en adelante el <strong>P\u00e1gina web<\/strong>el presente aviso legal.<\/p>\n\n\n\n<p>La conexi\u00f3n y navegaci\u00f3n por el Sitio por parte del Usuario implica la aceptaci\u00f3n plena y sin reservas del presente aviso legal.<\/p>\n\n\n\n<p>Est\u00e1n disponibles en el sitio web bajo el ep\u00edgrafe <strong>Informaci\u00f3n legal.<\/strong><\/p>\n\n\n\n<h2 class=\"wp-block-heading\" data-block-type=\"core\">EDICI\u00d3N DEL SITIO<\/h2>\n\n\n\n<p>El Sitio es editado por Giron, SAS con capital de 209.484 euros, inscrita en el Registro Mercantil de Poitiers con el n\u00famero 826220154, con domicilio social en 11 RUE LOUIS BLERIOT 86100 CHATELLERAULT,<\/p>\n\n\n\n<p><strong>N\u00famero de tel\u00e9fono :<\/strong> 0549210322<\/p>\n\n\n\n<p><strong>Direcci\u00f3n de correo electr\u00f3nico :<\/strong> info@giron.fr<\/p>\n\n\n\n<p><strong>N\u00famero de IVA :<\/strong> FR74826220154<\/p>\n\n\n\n<p><strong>Director de publicaci\u00f3n : <\/strong>Nicolas Charri\u00e8re<\/p>\n\n\n\n<p>en lo sucesivo <strong>la editorial<\/strong>.<\/p>\n\n\n\n<h2 class=\"wp-block-heading\" data-block-type=\"core\">DISE\u00d1ADOR<\/h2>\n\n\n\n<p>El sitio web ha sido dise\u00f1ado y desarrollado por Agence AND, miembro del grupo de comunicaci\u00f3n Booom Factory, con sede en Cit\u00e9 Num\u00e9rique, 2 rue Marc Sangnier, 33130 B\u00e8gles.<\/p>\n\n\n\n<h2 class=\"wp-block-heading\" data-block-type=\"core\">EMBEDDERS<\/h2>\n\n\n\n<p>El anfitri\u00f3n del Sitio es Numlog, con domicilio social en 9 T ROUTE DE SAINT-GERMAIN 78640 VILLIERS-SAINT-FREDERIC .<\/p>\n\n\n\n<h2 class=\"wp-block-heading\" data-block-type=\"core\">ACCESO AL SITIO<\/h2>\n\n\n\n<p>Normalmente, el Usuario puede acceder al Sitio en todo momento. No obstante, el Editor podr\u00e1, en cualquier momento, suspender, limitar o interrumpir el Sitio para, en particular, actualizar o modificar su contenido. El Editor no podr\u00e1 ser considerado responsable en ning\u00fan caso de las posibles consecuencias de esta falta de disponibilidad en las actividades del Usuario.<\/p>\n\n\n\n<h2 class=\"wp-block-heading\" data-block-type=\"core\">RECOGIDA DE DATOS<\/h2>\n\n\n\n<p>El Sitio garantiza que los datos personales del Usuario se recopilan y procesan con el debido respeto a la privacidad, de conformidad con la Ley n.\u00ba 78-17, de 6 de enero de 1978, relativa a la inform\u00e1tica, los archivos y las libertades, y en cumplimiento de la normativa aplicable al tratamiento de datos personales de conformidad con el Reglamento (UE) 2016\/679 del Parlamento Europeo y del Consejo, de 27 de abril de 2016 (en lo sucesivo, conjuntamente, la \"Ley de protecci\u00f3n de datos\"). <strong>Normativa aplicable a la protecci\u00f3n de datos personales)<\/strong>.<\/p>\n\n\n\n<p>De conformidad con la normativa aplicable en materia de protecci\u00f3n de datos de car\u00e1cter personal, el Usuario tiene derecho de acceso, rectificaci\u00f3n, cancelaci\u00f3n y oposici\u00f3n de sus datos personales. El Usuario podr\u00e1 ejercer este derecho:<\/p>\n\n\n\n<ul class=\"wp-block-list\" data-block-type=\"core\">\n<li data-block-type=\"core\">por correo electr\u00f3nico a info@giron.fr<\/li>\n<\/ul>\n\n\n\n<p>Cualquier uso, reproducci\u00f3n, distribuci\u00f3n, comercializaci\u00f3n o modificaci\u00f3n de todo o parte del Sitio sin la autorizaci\u00f3n expresa del Editor est\u00e1 prohibido y puede dar lugar a acciones y procedimientos legales previstos por la normativa vigente.<\/p>\n<\/div>\n<\/div>","protected":false},"excerpt":{"rendered":"<p>Conform\u00e9ment aux dispositions de la loi n\u00b02004-575 du 21 juin 2004 pour la Confiance en l\u2019\u00e9conomie num\u00e9rique, il est port\u00e9 [&hellip;]<\/p>","protected":false},"author":1,"featured_media":0,"parent":0,"menu_order":0,"comment_status":"closed","ping_status":"closed","template":"","meta":{"_acf_changed":false,"footnotes":""},"class_list":["post-91","page","type-page","status-publish","hentry"],"acf":[],"yoast_head":"<!-- This site is optimized with the Yoast SEO plugin v23.4 - https:\/\/yoast.com\/wordpress\/plugins\/seo\/ -->\n<title>Mentions l\u00e9gales - Giron<\/title>\n<meta name=\"robots\" content=\"noindex, follow, max-snippet:-1, max-image-preview:large, max-video-preview:-1\" \/>\n<meta property=\"og:locale\" content=\"es_ES\" \/>\n<meta property=\"og:type\" content=\"article\" \/>\n<meta property=\"og:title\" content=\"Mentions l\u00e9gales - Giron\" \/>\n<meta property=\"og:description\" content=\"Conform\u00e9ment aux dispositions de la loi n\u00b02004-575 du 21 juin 2004 pour la Confiance en l\u2019\u00e9conomie num\u00e9rique, il est port\u00e9 [&hellip;]\" \/>\n<meta property=\"og:url\" content=\"https:\/\/www2.203104.numlog.fr\/es\/mentions-legales\/\" \/>\n<meta property=\"og:site_name\" content=\"Giron\" \/>\n<meta property=\"article:modified_time\" content=\"2024-08-30T14:59:47+00:00\" \/>\n<meta name=\"twitter:card\" content=\"summary_large_image\" \/>\n<meta name=\"twitter:label1\" content=\"Est. reading time\" \/>\n\t<meta name=\"twitter:data1\" content=\"3 minutes\" \/>\n<script type=\"application\/ld+json\" class=\"yoast-schema-graph\">{\"@context\":\"https:\/\/schema.org\",\"@graph\":[{\"@type\":\"WebPage\",\"@id\":\"https:\/\/www2.203104.numlog.fr\/mentions-legales\/\",\"url\":\"https:\/\/www2.203104.numlog.fr\/mentions-legales\/\",\"name\":\"Mentions l\u00e9gales - Giron\",\"isPartOf\":{\"@id\":\"https:\/\/www2.203104.numlog.fr\/#website\"},\"datePublished\":\"2024-04-29T10:04:57+00:00\",\"dateModified\":\"2024-08-30T14:59:47+00:00\",\"breadcrumb\":{\"@id\":\"https:\/\/www2.203104.numlog.fr\/mentions-legales\/#breadcrumb\"},\"inLanguage\":\"es-ES\",\"potentialAction\":[{\"@type\":\"ReadAction\",\"target\":[\"https:\/\/www2.203104.numlog.fr\/mentions-legales\/\"]}]},{\"@type\":\"BreadcrumbList\",\"@id\":\"https:\/\/www2.203104.numlog.fr\/mentions-legales\/#breadcrumb\",\"itemListElement\":[{\"@type\":\"ListItem\",\"position\":1,\"name\":\"Home\",\"item\":\"https:\/\/www2.203104.numlog.fr\/\"},{\"@type\":\"ListItem\",\"position\":2,\"name\":\"Mentions l\u00e9gales\"}]},{\"@type\":\"WebSite\",\"@id\":\"https:\/\/www2.203104.numlog.fr\/#website\",\"url\":\"https:\/\/www2.203104.numlog.fr\/\",\"name\":\"Giron\",\"description\":\"Fabricant fran\u00e7ais de toile de criblage en acier et polyur\u00e9thane\",\"publisher\":{\"@id\":\"https:\/\/www2.203104.numlog.fr\/#organization\"},\"potentialAction\":[{\"@type\":\"SearchAction\",\"target\":{\"@type\":\"EntryPoint\",\"urlTemplate\":\"https:\/\/www2.203104.numlog.fr\/?s={search_term_string}\"},\"query-input\":{\"@type\":\"PropertyValueSpecification\",\"valueRequired\":true,\"valueName\":\"search_term_string\"}}],\"inLanguage\":\"es-ES\"},{\"@type\":\"Organization\",\"@id\":\"https:\/\/www2.203104.numlog.fr\/#organization\",\"name\":\"Giron\",\"url\":\"https:\/\/www2.203104.numlog.fr\/\",\"logo\":{\"@type\":\"ImageObject\",\"inLanguage\":\"es-ES\",\"@id\":\"https:\/\/www2.203104.numlog.fr\/#\/schema\/logo\/image\/\",\"url\":\"https:\/\/www2.203104.numlog.fr\/wp-content\/uploads\/2024\/07\/Logo-Giron-Baseline-FR.png\",\"contentUrl\":\"https:\/\/www2.203104.numlog.fr\/wp-content\/uploads\/2024\/07\/Logo-Giron-Baseline-FR.png\",\"width\":1772,\"height\":591,\"caption\":\"Giron\"},\"image\":{\"@id\":\"https:\/\/www2.203104.numlog.fr\/#\/schema\/logo\/image\/\"}}]}<\/script>\n<!-- \/ Yoast SEO plugin. -->","yoast_head_json":{"title":"Mentions l\u00e9gales - Giron","robots":{"index":"noindex","follow":"follow","max-snippet":"max-snippet:-1","max-image-preview":"max-image-preview:large","max-video-preview":"max-video-preview:-1"},"og_locale":"es_ES","og_type":"article","og_title":"Mentions l\u00e9gales - Giron","og_description":"Conform\u00e9ment aux dispositions de la loi n\u00b02004-575 du 21 juin 2004 pour la Confiance en l\u2019\u00e9conomie num\u00e9rique, il est port\u00e9 [&hellip;]","og_url":"https:\/\/www2.203104.numlog.fr\/es\/mentions-legales\/","og_site_name":"Giron","article_modified_time":"2024-08-30T14:59:47+00:00","twitter_card":"summary_large_image","twitter_misc":{"Est. reading time":"3 minutes"},"schema":{"@context":"https:\/\/schema.org","@graph":[{"@type":"WebPage","@id":"https:\/\/www2.203104.numlog.fr\/mentions-legales\/","url":"https:\/\/www2.203104.numlog.fr\/mentions-legales\/","name":"Mentions l\u00e9gales - Giron","isPartOf":{"@id":"https:\/\/www2.203104.numlog.fr\/#website"},"datePublished":"2024-04-29T10:04:57+00:00","dateModified":"2024-08-30T14:59:47+00:00","breadcrumb":{"@id":"https:\/\/www2.203104.numlog.fr\/mentions-legales\/#breadcrumb"},"inLanguage":"es-ES","potentialAction":[{"@type":"ReadAction","target":["https:\/\/www2.203104.numlog.fr\/mentions-legales\/"]}]},{"@type":"BreadcrumbList","@id":"https:\/\/www2.203104.numlog.fr\/mentions-legales\/#breadcrumb","itemListElement":[{"@type":"ListItem","position":1,"name":"Home","item":"https:\/\/www2.203104.numlog.fr\/"},{"@type":"ListItem","position":2,"name":"Mentions l\u00e9gales"}]},{"@type":"WebSite","@id":"https:\/\/www2.203104.numlog.fr\/#website","url":"https:\/\/www2.203104.numlog.fr\/","name":"Giron","description":"Fabricant fran\u00e7ais de toile de criblage en acier et polyur\u00e9thane","publisher":{"@id":"https:\/\/www2.203104.numlog.fr\/#organization"},"potentialAction":[{"@type":"SearchAction","target":{"@type":"EntryPoint","urlTemplate":"https:\/\/www2.203104.numlog.fr\/?s={search_term_string}"},"query-input":{"@type":"PropertyValueSpecification","valueRequired":true,"valueName":"search_term_string"}}],"inLanguage":"es-ES"},{"@type":"Organization","@id":"https:\/\/www2.203104.numlog.fr\/#organization","name":"Giron","url":"https:\/\/www2.203104.numlog.fr\/","logo":{"@type":"ImageObject","inLanguage":"es-ES","@id":"https:\/\/www2.203104.numlog.fr\/#\/schema\/logo\/image\/","url":"https:\/\/www2.203104.numlog.fr\/wp-content\/uploads\/2024\/07\/Logo-Giron-Baseline-FR.png","contentUrl":"https:\/\/www2.203104.numlog.fr\/wp-content\/uploads\/2024\/07\/Logo-Giron-Baseline-FR.png","width":1772,"height":591,"caption":"Giron"},"image":{"@id":"https:\/\/www2.203104.numlog.fr\/#\/schema\/logo\/image\/"}}]}},"_links":{"self":[{"href":"https:\/\/www2.203104.numlog.fr\/es\/wp-json\/wp\/v2\/pages\/91"}],"collection":[{"href":"https:\/\/www2.203104.numlog.fr\/es\/wp-json\/wp\/v2\/pages"}],"about":[{"href":"https:\/\/www2.203104.numlog.fr\/es\/wp-json\/wp\/v2\/types\/page"}],"author":[{"embeddable":true,"href":"https:\/\/www2.203104.numlog.fr\/es\/wp-json\/wp\/v2\/users\/1"}],"replies":[{"embeddable":true,"href":"https:\/\/www2.203104.numlog.fr\/es\/wp-json\/wp\/v2\/comments?post=91"}],"version-history":[{"count":5,"href":"https:\/\/www2.203104.numlog.fr\/es\/wp-json\/wp\/v2\/pages\/91\/revisions"}],"predecessor-version":[{"id":1999,"href":"https:\/\/www2.203104.numlog.fr\/es\/wp-json\/wp\/v2\/pages\/91\/revisions\/1999"}],"wp:attachment":[{"href":"https:\/\/www2.203104.numlog.fr\/es\/wp-json\/wp\/v2\/media?parent=91"}],"curies":[{"name":"wp","href":"https:\/\/api.w.org\/{rel}","templated":true}]}}