{"id":91,"date":"2024-04-29T12:04:57","date_gmt":"2024-04-29T10:04:57","guid":{"rendered":"https:\/\/www2.203104.numlog.fr\/?page_id=91"},"modified":"2024-08-30T16:59:47","modified_gmt":"2024-08-30T14:59:47","slug":"mentions-legales","status":"publish","type":"page","link":"https:\/\/www2.203104.numlog.fr\/en\/mentions-legales\/","title":{"rendered":"Terms of use"},"content":{"rendered":"<div class=\"wp-block-columns is-layout-flex wp-container-core-columns-is-layout-1 wp-block-columns-is-layout-flex\" data-block-type=\"core\">\n<div class=\"wp-block-column has-global-padding is-layout-constrained wp-block-column-is-layout-constrained\" data-block-type=\"core\">\n<p>In accordance with the provisions of French law no. 2004-575 of June 21, 2004 on confidence in the digital economy, users and visitors, hereinafter referred to as the <strong>User<\/strong>giron.fr website, hereinafter referred to as the <strong>Website<\/strong>the present legal notice.<\/p>\n\n\n\n<p>Connection to and browsing of the Site by the User implies full and unreserved acceptance of the present legal notice.<\/p>\n\n\n\n<p>The latter are available on the Site under the heading <strong>Legal information.<\/strong><\/p>\n\n\n\n<h2 class=\"wp-block-heading\" data-block-type=\"core\">SITE EDITING<\/h2>\n\n\n\n<p>The Site is published by Giron, a SAS with share capital of 209484 euros, registered with the Poitiers Trade and Companies Registry under number 826220154, whose registered office is located at 11 RUE LOUIS BLERIOT 86100 CHATELLERAULT,<\/p>\n\n\n\n<p><strong>Phone number :<\/strong> 0549210322<\/p>\n\n\n\n<p><strong>E-mail address :<\/strong> info@giron.fr<\/p>\n\n\n\n<p><strong>VAT number :<\/strong> FR74826220154<\/p>\n\n\n\n<p><strong>Director of publication: <\/strong>Nicolas Charri\u00e8re<\/p>\n\n\n\n<p>hereinafter <strong>the Publisher<\/strong>.<\/p>\n\n\n\n<h2 class=\"wp-block-heading\" data-block-type=\"core\">DESIGNER<\/h2>\n\n\n\n<p>The Site was designed and developed by Agence AND, a member of the Booom Factory communications group, whose head office is located at Cit\u00e9 Num\u00e9rique, 2 rue Marc Sangnier, 33130 B\u00e8gles, France.<\/p>\n\n\n\n<h2 class=\"wp-block-heading\" data-block-type=\"core\">EMBEDDING<\/h2>\n\n\n\n<p>The Site's host is Numlog, whose head office is located at 9 T ROUTE DE SAINT-GERMAIN 78640 VILLIERS-SAINT-FREDERIC .<\/p>\n\n\n\n<h2 class=\"wp-block-heading\" data-block-type=\"core\">SITE ACCESS<\/h2>\n\n\n\n<p>The Site is normally accessible to the User at all times. However, the Publisher may, at any time, suspend, limit or interrupt the Site in order, in particular, to update or modify its content. The Publisher shall in no event be held liable for any consequences of such unavailability on the User's activities.<\/p>\n\n\n\n<h2 class=\"wp-block-heading\" data-block-type=\"core\">DATA COLLECTION<\/h2>\n\n\n\n<p>The Site ensures that the User's personal data is collected and processed with due respect for privacy in accordance with Act no. 78-17 of January 6, 1978 on Data Processing, Data Files and Individual Liberties and in compliance with the regulations applicable to the processing of personal data in accordance with Regulation (EU) 2016\/679 of the European Parliament and of the Council of April 27, 2016 (hereinafter, together, the <strong>Regulations applicable to the protection of personal data)<\/strong>.<\/p>\n\n\n\n<p>In accordance with the regulations applicable to the protection of personal data, the User has the right to access, rectify, delete and oppose his personal data. The User may exercise this right:<\/p>\n\n\n\n<ul class=\"wp-block-list\" data-block-type=\"core\">\n<li data-block-type=\"core\">by e-mail to info@giron.fr<\/li>\n<\/ul>\n\n\n\n<p>Any use, reproduction, distribution, marketing or modification of all or part of the Site without the express authorization of the Publisher is prohibited and may result in legal action and proceedings as provided for by the regulations in force.<\/p>\n<\/div>\n<\/div>","protected":false},"excerpt":{"rendered":"<p>Conform\u00e9ment aux dispositions de la loi n\u00b02004-575 du 21 juin 2004 pour la Confiance en l\u2019\u00e9conomie num\u00e9rique, il est port\u00e9 [&hellip;]<\/p>","protected":false},"author":1,"featured_media":0,"parent":0,"menu_order":0,"comment_status":"closed","ping_status":"closed","template":"","meta":{"_acf_changed":false,"footnotes":""},"class_list":["post-91","page","type-page","status-publish","hentry"],"acf":[],"yoast_head":"<!-- This site is optimized with the Yoast SEO plugin v23.4 - https:\/\/yoast.com\/wordpress\/plugins\/seo\/ -->\n<title>Mentions l\u00e9gales - Giron<\/title>\n<meta name=\"robots\" content=\"noindex, follow, max-snippet:-1, max-image-preview:large, max-video-preview:-1\" \/>\n<meta property=\"og:locale\" content=\"en_US\" \/>\n<meta property=\"og:type\" content=\"article\" \/>\n<meta property=\"og:title\" content=\"Mentions l\u00e9gales - Giron\" \/>\n<meta property=\"og:description\" content=\"Conform\u00e9ment aux dispositions de la loi n\u00b02004-575 du 21 juin 2004 pour la Confiance en l\u2019\u00e9conomie num\u00e9rique, il est port\u00e9 [&hellip;]\" \/>\n<meta property=\"og:url\" content=\"https:\/\/www2.203104.numlog.fr\/en\/mentions-legales\/\" \/>\n<meta property=\"og:site_name\" content=\"Giron\" \/>\n<meta property=\"article:modified_time\" content=\"2024-08-30T14:59:47+00:00\" \/>\n<meta name=\"twitter:card\" content=\"summary_large_image\" \/>\n<meta name=\"twitter:label1\" content=\"Est. reading time\" \/>\n\t<meta name=\"twitter:data1\" content=\"3 minutes\" \/>\n<script type=\"application\/ld+json\" class=\"yoast-schema-graph\">{\"@context\":\"https:\/\/schema.org\",\"@graph\":[{\"@type\":\"WebPage\",\"@id\":\"https:\/\/www2.203104.numlog.fr\/mentions-legales\/\",\"url\":\"https:\/\/www2.203104.numlog.fr\/mentions-legales\/\",\"name\":\"Mentions l\u00e9gales - Giron\",\"isPartOf\":{\"@id\":\"https:\/\/www2.203104.numlog.fr\/#website\"},\"datePublished\":\"2024-04-29T10:04:57+00:00\",\"dateModified\":\"2024-08-30T14:59:47+00:00\",\"breadcrumb\":{\"@id\":\"https:\/\/www2.203104.numlog.fr\/mentions-legales\/#breadcrumb\"},\"inLanguage\":\"en-US\",\"potentialAction\":[{\"@type\":\"ReadAction\",\"target\":[\"https:\/\/www2.203104.numlog.fr\/mentions-legales\/\"]}]},{\"@type\":\"BreadcrumbList\",\"@id\":\"https:\/\/www2.203104.numlog.fr\/mentions-legales\/#breadcrumb\",\"itemListElement\":[{\"@type\":\"ListItem\",\"position\":1,\"name\":\"Home\",\"item\":\"https:\/\/www2.203104.numlog.fr\/\"},{\"@type\":\"ListItem\",\"position\":2,\"name\":\"Mentions l\u00e9gales\"}]},{\"@type\":\"WebSite\",\"@id\":\"https:\/\/www2.203104.numlog.fr\/#website\",\"url\":\"https:\/\/www2.203104.numlog.fr\/\",\"name\":\"Giron\",\"description\":\"Fabricant fran\u00e7ais de toile de criblage en acier et polyur\u00e9thane\",\"publisher\":{\"@id\":\"https:\/\/www2.203104.numlog.fr\/#organization\"},\"potentialAction\":[{\"@type\":\"SearchAction\",\"target\":{\"@type\":\"EntryPoint\",\"urlTemplate\":\"https:\/\/www2.203104.numlog.fr\/?s={search_term_string}\"},\"query-input\":{\"@type\":\"PropertyValueSpecification\",\"valueRequired\":true,\"valueName\":\"search_term_string\"}}],\"inLanguage\":\"en-US\"},{\"@type\":\"Organization\",\"@id\":\"https:\/\/www2.203104.numlog.fr\/#organization\",\"name\":\"Giron\",\"url\":\"https:\/\/www2.203104.numlog.fr\/\",\"logo\":{\"@type\":\"ImageObject\",\"inLanguage\":\"en-US\",\"@id\":\"https:\/\/www2.203104.numlog.fr\/#\/schema\/logo\/image\/\",\"url\":\"https:\/\/www2.203104.numlog.fr\/wp-content\/uploads\/2024\/07\/Logo-Giron-Baseline-FR.png\",\"contentUrl\":\"https:\/\/www2.203104.numlog.fr\/wp-content\/uploads\/2024\/07\/Logo-Giron-Baseline-FR.png\",\"width\":1772,\"height\":591,\"caption\":\"Giron\"},\"image\":{\"@id\":\"https:\/\/www2.203104.numlog.fr\/#\/schema\/logo\/image\/\"}}]}<\/script>\n<!-- \/ Yoast SEO plugin. -->","yoast_head_json":{"title":"Mentions l\u00e9gales - Giron","robots":{"index":"noindex","follow":"follow","max-snippet":"max-snippet:-1","max-image-preview":"max-image-preview:large","max-video-preview":"max-video-preview:-1"},"og_locale":"en_US","og_type":"article","og_title":"Mentions l\u00e9gales - Giron","og_description":"Conform\u00e9ment aux dispositions de la loi n\u00b02004-575 du 21 juin 2004 pour la Confiance en l\u2019\u00e9conomie num\u00e9rique, il est port\u00e9 [&hellip;]","og_url":"https:\/\/www2.203104.numlog.fr\/en\/mentions-legales\/","og_site_name":"Giron","article_modified_time":"2024-08-30T14:59:47+00:00","twitter_card":"summary_large_image","twitter_misc":{"Est. reading time":"3 minutes"},"schema":{"@context":"https:\/\/schema.org","@graph":[{"@type":"WebPage","@id":"https:\/\/www2.203104.numlog.fr\/mentions-legales\/","url":"https:\/\/www2.203104.numlog.fr\/mentions-legales\/","name":"Mentions l\u00e9gales - Giron","isPartOf":{"@id":"https:\/\/www2.203104.numlog.fr\/#website"},"datePublished":"2024-04-29T10:04:57+00:00","dateModified":"2024-08-30T14:59:47+00:00","breadcrumb":{"@id":"https:\/\/www2.203104.numlog.fr\/mentions-legales\/#breadcrumb"},"inLanguage":"en-US","potentialAction":[{"@type":"ReadAction","target":["https:\/\/www2.203104.numlog.fr\/mentions-legales\/"]}]},{"@type":"BreadcrumbList","@id":"https:\/\/www2.203104.numlog.fr\/mentions-legales\/#breadcrumb","itemListElement":[{"@type":"ListItem","position":1,"name":"Home","item":"https:\/\/www2.203104.numlog.fr\/"},{"@type":"ListItem","position":2,"name":"Mentions l\u00e9gales"}]},{"@type":"WebSite","@id":"https:\/\/www2.203104.numlog.fr\/#website","url":"https:\/\/www2.203104.numlog.fr\/","name":"Giron","description":"Fabricant fran\u00e7ais de toile de criblage en acier et polyur\u00e9thane","publisher":{"@id":"https:\/\/www2.203104.numlog.fr\/#organization"},"potentialAction":[{"@type":"SearchAction","target":{"@type":"EntryPoint","urlTemplate":"https:\/\/www2.203104.numlog.fr\/?s={search_term_string}"},"query-input":{"@type":"PropertyValueSpecification","valueRequired":true,"valueName":"search_term_string"}}],"inLanguage":"en-US"},{"@type":"Organization","@id":"https:\/\/www2.203104.numlog.fr\/#organization","name":"Giron","url":"https:\/\/www2.203104.numlog.fr\/","logo":{"@type":"ImageObject","inLanguage":"en-US","@id":"https:\/\/www2.203104.numlog.fr\/#\/schema\/logo\/image\/","url":"https:\/\/www2.203104.numlog.fr\/wp-content\/uploads\/2024\/07\/Logo-Giron-Baseline-FR.png","contentUrl":"https:\/\/www2.203104.numlog.fr\/wp-content\/uploads\/2024\/07\/Logo-Giron-Baseline-FR.png","width":1772,"height":591,"caption":"Giron"},"image":{"@id":"https:\/\/www2.203104.numlog.fr\/#\/schema\/logo\/image\/"}}]}},"_links":{"self":[{"href":"https:\/\/www2.203104.numlog.fr\/en\/wp-json\/wp\/v2\/pages\/91"}],"collection":[{"href":"https:\/\/www2.203104.numlog.fr\/en\/wp-json\/wp\/v2\/pages"}],"about":[{"href":"https:\/\/www2.203104.numlog.fr\/en\/wp-json\/wp\/v2\/types\/page"}],"author":[{"embeddable":true,"href":"https:\/\/www2.203104.numlog.fr\/en\/wp-json\/wp\/v2\/users\/1"}],"replies":[{"embeddable":true,"href":"https:\/\/www2.203104.numlog.fr\/en\/wp-json\/wp\/v2\/comments?post=91"}],"version-history":[{"count":5,"href":"https:\/\/www2.203104.numlog.fr\/en\/wp-json\/wp\/v2\/pages\/91\/revisions"}],"predecessor-version":[{"id":1999,"href":"https:\/\/www2.203104.numlog.fr\/en\/wp-json\/wp\/v2\/pages\/91\/revisions\/1999"}],"wp:attachment":[{"href":"https:\/\/www2.203104.numlog.fr\/en\/wp-json\/wp\/v2\/media?parent=91"}],"curies":[{"name":"wp","href":"https:\/\/api.w.org\/{rel}","templated":true}]}}