{"id":1278,"date":"2024-06-11T14:35:51","date_gmt":"2024-06-11T12:35:51","guid":{"rendered":"https:\/\/www2.203104.numlog.fr\/?page_id=1278"},"modified":"2024-08-28T10:58:33","modified_gmt":"2024-08-28T08:58:33","slug":"developpement-durable","status":"publish","type":"page","link":"https:\/\/www2.203104.numlog.fr\/en\/developpement-durable\/","title":{"rendered":"SUSTAINABILITY AT GIRON"},"content":{"rendered":"<div class=\"wp-block-group has-global-padding is-layout-constrained wp-block-group-is-layout-constrained\" data-block-type=\"core\">\n<figure class=\"wp-block-image aligncenter size-full is-resized\" data-block-type=\"core\"><img loading=\"lazy\" decoding=\"async\" width=\"1128\" height=\"191\" src=\"https:\/\/www2.203104.numlog.fr\/wp-content\/uploads\/2024\/06\/Banniere-Linkedin.png\" alt=\"\" class=\"wp-image-1446\" style=\"width:1161px;height:auto\" srcset=\"https:\/\/www2.203104.numlog.fr\/wp-content\/uploads\/2024\/06\/Banniere-Linkedin.png 1128w, https:\/\/www2.203104.numlog.fr\/wp-content\/uploads\/2024\/06\/Banniere-Linkedin-300x51.png 300w, https:\/\/www2.203104.numlog.fr\/wp-content\/uploads\/2024\/06\/Banniere-Linkedin-1024x173.png 1024w, https:\/\/www2.203104.numlog.fr\/wp-content\/uploads\/2024\/06\/Banniere-Linkedin-768x130.png 768w, https:\/\/www2.203104.numlog.fr\/wp-content\/uploads\/2024\/06\/Banniere-Linkedin-18x3.png 18w\" sizes=\"(max-width: 1128px) 100vw, 1128px\" \/><\/figure>\n\n\n\n<h2 class=\"wp-block-heading\" data-block-type=\"core\">More than just a speech<\/h2>\n\n\n\n<p>The GIRON Group's success and its future are based on a voluntary approach and commitments to social and environmental responsibility.&nbsp;<\/p>\n\n\n\n<p>Our aim is to promote the deployment of CSR and sustainable development principles among our employees, suppliers and subcontractors, as well as our customers, based on a commitment to continuous improvement.<\/p>\n\n\n\n<p>Since our foundation in 1924, we have been working to earn the trust of our employees, partners, customers and any other stakeholder in our environment, leading to Giron's reputation today.<\/p>\n\n\n\n<p>Many internal and external initiatives have been in place for a number of years to raise awareness among all our employees of the need to protect the environment.<strong> three main pillars of CSR <\/strong>:<\/p>\n\n\n\n<ul class=\"wp-block-list\" data-block-type=\"core\">\n<li data-aos=\"fade-up\" data-block-type=\"core\"><strong>Environnement : <\/strong>R\u00e9duire notre empreinte carbone, d\u00e9velopper des solutions \u00e9cologiques et promouvoir l\u2019\u00e9conomie circulaire.<\/li>\n\n\n\n<li data-aos=\"fade-up\" data-block-type=\"core\"><strong>Social : <\/strong>Offrir un environnement de travail de qualit\u00e9, favoriser la diversit\u00e9 et soutenir les communaut\u00e9s locales.<\/li>\n\n\n\n<li data-aos=\"fade-up\" data-block-type=\"core\"><strong>Economy<\/strong> : Assurer une croissance durable, cr\u00e9er de la valeur pour nos clients et contribuer \u00e0 un avenir meilleur avec nos brevets et labels.<\/li>\n<\/ul>\n<\/div>\n\n\n\n<div style=\"height:6px\" aria-hidden=\"true\" class=\"wp-block-spacer\" data-block-type=\"core\"><\/div>\n\n\n\n<div class=\"wp-block-group has-custom-giron-gris-clair-background-color has-background has-global-padding is-layout-constrained wp-block-group-is-layout-constrained\" data-block-type=\"core\">\n<div style=\"height:12px\" aria-hidden=\"true\" class=\"wp-block-spacer\" data-block-type=\"core\"><\/div>\n\n\n\n<h3 class=\"wp-block-heading\" data-block-type=\"core\">Where does the term sustainable development come from?<\/h3>\n\n\n\n<p>The term <strong>d\u00e9veloppement durable<\/strong> is rooted in the field of silviculture, where it referred to the practice of taking no more forest resources than naturally regrow. This approach was then broadened and applied to other fields, giving rise to a more global definition.<\/p>\n\n\n\n<blockquote class=\"wp-block-quote is-layout-flow wp-block-quote-is-layout-flow\" data-block-type=\"core\">\n<figure class=\"wp-block-pullquote\" data-block-type=\"core\"><blockquote><p><strong>Le d\u00e9veloppement durable est un d\u00e9veloppement qui r\u00e9pond aux besoins du pr\u00e9sent sans compromettre la possibilit\u00e9, pour les g\u00e9n\u00e9rations \u00e0 venir, de pouvoir r\u00e9pondre \u00e0 leurs propres besoins.<\/strong><\/p><\/blockquote><\/figure>\n<\/blockquote>\n<\/div>\n\n\n\n<div class=\"wp-block-group has-global-padding is-layout-constrained wp-block-group-is-layout-constrained\" data-block-type=\"core\">\n<h2 class=\"wp-block-heading has-text-align-center\" data-block-type=\"core\">some <strong>CSR actions implemented by the company <\/strong><\/h2>\n\n\n\n<div class=\"wp-block-media-text alignwide has-media-on-the-right is-vertically-aligned-center\" style=\"grid-template-columns:auto 40%\" data-aos=\"flip-up\" data-block-type=\"core\"><div class=\"wp-block-media-text__content\">\n<p data-aos=\"flip-up\"><strong>Solar panel installation in 2024<\/strong> which allows you to reduce your carbon footprint by producing your own electricity from a renewable energy source.<\/p>\n\n\n\n<p data-aos=\"flip-up\"><strong>Recycling screenings with an artist association: <\/strong>Giron donne une seconde vie \u00e0 ses d\u00e9chets en collaborant avec David pour cr\u00e9er des \u0153uvres d\u2019art \u00e0 partir de chutes de toiles de criblage. Cela permet de r\u00e9duire la quantit\u00e9 de d\u00e9chets envoy\u00e9s \u00e0 la d\u00e9charge et de promouvoir l\u2019art durable.<\/p>\n\n\n\n<p data-aos=\"flip-up\"><strong>Travail sur la gestion des \u00e9nergies pour r\u00e9duire sa consommation d\u2019\u00e9nergie,<\/strong> telles que l\u2019optimisation de l\u2019\u00e9clairage et des syst\u00e8mes de chauffage\/refroidissement, la gestion du d\u00e9marrage\/arr\u00eat des machines.<\/p>\n\n\n\n<p data-aos=\"flip-up\"><strong>Recyclage des d\u00e9chets avec le Ressort EBE et Lostis, <\/strong>pour recycler ses palettes bois ce qui permet de r\u00e9duire la quantit\u00e9 de d\u00e9chets envoy\u00e9s \u00e0 la d\u00e9charge et de soutenir une entreprise d\u2019insertion professionnelle. 80% des d\u00e9chets sont recycl\u00e9s chez nous, nous travaillons encore sur nos DIB.<\/p>\n<\/div><figure class=\"wp-block-media-text__media\"><img loading=\"lazy\" decoding=\"async\" width=\"1024\" height=\"1024\" src=\"https:\/\/www2.203104.numlog.fr\/wp-content\/uploads\/2024\/08\/EN-NRJ.png\" alt=\"\" class=\"wp-image-1447 size-full\" srcset=\"https:\/\/www2.203104.numlog.fr\/wp-content\/uploads\/2024\/08\/EN-NRJ.png 1200w, https:\/\/www2.203104.numlog.fr\/wp-content\/uploads\/2024\/08\/EN-NRJ-300x300.png 300w, https:\/\/www2.203104.numlog.fr\/wp-content\/uploads\/2024\/08\/EN-NRJ-1024x1024.png 1024w, https:\/\/www2.203104.numlog.fr\/wp-content\/uploads\/2024\/08\/EN-NRJ-150x150.png 150w, https:\/\/www2.203104.numlog.fr\/wp-content\/uploads\/2024\/08\/EN-NRJ-768x768.png 768w, https:\/\/www2.203104.numlog.fr\/wp-content\/uploads\/2024\/08\/EN-NRJ-12x12.png 12w\" sizes=\"(max-width: 1024px) 100vw, 1024px\" \/><\/figure><\/div>\n\n\n\n<div class=\"wp-block-media-text alignwide is-vertically-aligned-center\" style=\"grid-template-columns:40% auto\" data-aos=\"flip-up\" data-block-type=\"core\"><figure class=\"wp-block-media-text__media\"><img loading=\"lazy\" decoding=\"async\" width=\"1024\" height=\"1024\" src=\"https:\/\/www2.203104.numlog.fr\/wp-content\/uploads\/2024\/08\/EN-collab.png\" alt=\"\" class=\"wp-image-1449 size-full\" srcset=\"https:\/\/www2.203104.numlog.fr\/wp-content\/uploads\/2024\/08\/EN-collab.png 1200w, https:\/\/www2.203104.numlog.fr\/wp-content\/uploads\/2024\/08\/EN-collab-300x300.png 300w, https:\/\/www2.203104.numlog.fr\/wp-content\/uploads\/2024\/08\/EN-collab-1024x1024.png 1024w, https:\/\/www2.203104.numlog.fr\/wp-content\/uploads\/2024\/08\/EN-collab-150x150.png 150w, https:\/\/www2.203104.numlog.fr\/wp-content\/uploads\/2024\/08\/EN-collab-768x768.png 768w, https:\/\/www2.203104.numlog.fr\/wp-content\/uploads\/2024\/08\/EN-collab-12x12.png 12w\" sizes=\"(max-width: 1024px) 100vw, 1024px\" \/><\/figure><div class=\"wp-block-media-text__content\">\n<p data-aos=\"flip-up\"><strong>Collaboration avec Deastance service <\/strong>entreprise adapt\u00e9e pour la r\u00e9daction d\u2019articles ce qui permet de soutenir l\u2019inclusion professionnelle des personnes en situation de handicap.<\/p>\n\n\n\n<p data-aos=\"flip-up\"><strong>Partnership with Jazzellerault<\/strong>.<\/p>\n\n\n\n<p data-aos=\"flip-up\"><strong>Partnership with 205 Rallye : <\/strong>Giron soutient une \u00e9quipe du 205 Rallye, un \u00e9v\u00e9nement sportif automobile, ce qui permet de promouvoir l\u2019entreprise et de renforcer sa visibilit\u00e9.<\/p>\n\n\n\n<p data-aos=\"flip-up\"><strong>Partnership with the artisans' market: <\/strong>Giron collaborates with the local artisans' market to promote local crafts and products.<\/p>\n\n\n\n<p data-aos=\"flip-up\"><strong>Partnership with Art en Vrac : <\/strong>Giron soutient l\u2019Art en Vrac, une association qui promeut l\u2019art contemporain.<\/p>\n\n\n\n<p data-aos=\"flip-up\"><strong>Partnership with Rallye des Amazones : <\/strong>Giron soutient une \u00e9quipe du Rallye des Amazones, un raid automobile f\u00e9minin, ce qui permet de promouvoir l\u2019entreprise et de soutenir les femmes sportives.<\/p>\n\n\n\n<p><strong>Sponsorship with ENSAP for their Archi en Folie project for the 2024 Olympic Games: <\/strong>une \u00e9cole d\u2019architecture qui organise des \u00e9v\u00e9nements architecturaux, dans le cadre des Jeux Olympiques de 2024.<\/p>\n<\/div><\/div>\n\n\n\n<div class=\"wp-block-media-text alignwide has-media-on-the-right is-vertically-aligned-center\" style=\"grid-template-columns:auto 40%\" data-aos=\"flip-up\" data-block-type=\"core\"><div class=\"wp-block-media-text__content\">\n<p data-aos=\"flip-up\"><strong>Installation de ruches sur le terrain de l\u2019entreprise \u2013 <\/strong>r\u00e9colte de miel et distribution \u00e0 tous les salari\u00e9s : Giron installe des ruches sur son site afin de promouvoir la biodiversit\u00e9 et de produire du miel qui est ensuite distribu\u00e9 aux salari\u00e9s.<\/p>\n\n\n\n<p data-aos=\"flip-up\"><strong>Planting new shrubs : <\/strong>Giron plants new shrubs of various species on its site to promote biodiversity and create a more pleasant environment for its employees.<\/p>\n\n\n\n<p data-aos=\"flip-up\"><strong>Corporate sports with a table tennis team for a corporate championship and participation in the Grand Poitiers inter-company challenges: <\/strong>Giron encourages corporate sports by organizing a table tennis team and participating in inter-company sports challenges.<\/p>\n<\/div><figure class=\"wp-block-media-text__media\"><img loading=\"lazy\" decoding=\"async\" width=\"1024\" height=\"1024\" src=\"https:\/\/www2.203104.numlog.fr\/wp-content\/uploads\/2024\/08\/EN-ENVI.png\" alt=\"\" class=\"wp-image-1582 size-full\" srcset=\"https:\/\/www2.203104.numlog.fr\/wp-content\/uploads\/2024\/08\/EN-ENVI.png 1200w, https:\/\/www2.203104.numlog.fr\/wp-content\/uploads\/2024\/08\/EN-ENVI-300x300.png 300w, https:\/\/www2.203104.numlog.fr\/wp-content\/uploads\/2024\/08\/EN-ENVI-1024x1024.png 1024w, https:\/\/www2.203104.numlog.fr\/wp-content\/uploads\/2024\/08\/EN-ENVI-150x150.png 150w, https:\/\/www2.203104.numlog.fr\/wp-content\/uploads\/2024\/08\/EN-ENVI-768x768.png 768w, https:\/\/www2.203104.numlog.fr\/wp-content\/uploads\/2024\/08\/EN-ENVI-12x12.png 12w\" sizes=\"(max-width: 1024px) 100vw, 1024px\" \/><\/figure><\/div>\n\n\n\n<div style=\"height:46px\" aria-hidden=\"true\" class=\"wp-block-spacer\" data-block-type=\"core\"><\/div>\n\n\n\n<p>Ces actions RSE d\u00e9montrent l\u2019engagement de Giron en<strong> faveur du d\u00e9veloppement durable <\/strong>et de la <strong>responsabilit\u00e9 soci\u00e9tale des entreprises<\/strong>. L\u2019entreprise s\u2019implique dans une vari\u00e9t\u00e9 d\u2019initiatives qui visent \u00e0 r\u00e9duire son impact environnemental, \u00e0 soutenir les communaut\u00e9s locales et \u00e0 promouvoir le bien-\u00eatre de ses salari\u00e9s.<\/p>\n\n\n\n<div class=\"wp-block-file aligncenter\" data-block-type=\"core\"><a id=\"wp-block-file--media-80a06467-b49b-4be3-a342-00951ddff378\" href=\"https:\/\/www2.203104.numlog.fr\/wp-content\/uploads\/2024\/06\/00-CHARTE-RSE-version-FL-2024.pdf\">Discover our CSR charge<\/a><a href=\"https:\/\/www2.203104.numlog.fr\/wp-content\/uploads\/2024\/06\/00-CHARTE-RSE-version-FL-2024.pdf\" class=\"wp-block-file__button wp-element-button\" download aria-describedby=\"wp-block-file--media-80a06467-b49b-4be3-a342-00951ddff378\">Consult the document<\/a><\/div>\n<\/div>","protected":false},"excerpt":{"rendered":"<p>Bien plus qu&rsquo;un discours La r\u00e9ussite du groupe GIRON et son avenir s\u2019appuient sur une d\u00e9marche volontaire et des engagements [&hellip;]<\/p>","protected":false},"author":3,"featured_media":0,"parent":0,"menu_order":0,"comment_status":"closed","ping_status":"closed","template":"","meta":{"_acf_changed":false,"footnotes":""},"class_list":["post-1278","page","type-page","status-publish","hentry"],"acf":[],"yoast_head":"<!-- This site is optimized with the Yoast SEO plugin v23.4 - https:\/\/yoast.com\/wordpress\/plugins\/seo\/ -->\n<title>LE D\u00c9VELOPPEMENT DURABLE CHEZ GIRON - Giron<\/title>\n<meta name=\"description\" content=\"La r\u00e9ussite du groupe GIRON et son avenir s\u2019appuient sur une d\u00e9marche volontaire pour des engagements en mati\u00e8re de RSE. \u00a0\" \/>\n<meta name=\"robots\" content=\"noindex, follow, max-snippet:-1, max-image-preview:large, max-video-preview:-1\" \/>\n<meta property=\"og:locale\" content=\"en_US\" \/>\n<meta property=\"og:type\" content=\"article\" \/>\n<meta property=\"og:title\" content=\"LE D\u00c9VELOPPEMENT DURABLE CHEZ GIRON - Giron\" \/>\n<meta property=\"og:description\" content=\"La r\u00e9ussite du groupe GIRON et son avenir s\u2019appuient sur une d\u00e9marche volontaire pour des engagements en mati\u00e8re de RSE. \u00a0\" \/>\n<meta property=\"og:url\" content=\"https:\/\/www2.203104.numlog.fr\/en\/developpement-durable\/\" \/>\n<meta property=\"og:site_name\" content=\"Giron\" \/>\n<meta property=\"article:modified_time\" content=\"2024-08-28T08:58:33+00:00\" \/>\n<meta property=\"og:image\" content=\"https:\/\/www2.203104.numlog.fr\/wp-content\/uploads\/2024\/06\/Banniere-Linkedin.png\" \/>\n<meta name=\"twitter:card\" content=\"summary_large_image\" \/>\n<meta name=\"twitter:label1\" content=\"Est. reading time\" \/>\n\t<meta name=\"twitter:data1\" content=\"5 minutes\" \/>\n<script type=\"application\/ld+json\" class=\"yoast-schema-graph\">{\"@context\":\"https:\/\/schema.org\",\"@graph\":[{\"@type\":\"WebPage\",\"@id\":\"https:\/\/www2.203104.numlog.fr\/developpement-durable\/\",\"url\":\"https:\/\/www2.203104.numlog.fr\/developpement-durable\/\",\"name\":\"LE D\u00c9VELOPPEMENT DURABLE CHEZ GIRON - Giron\",\"isPartOf\":{\"@id\":\"https:\/\/www2.203104.numlog.fr\/#website\"},\"primaryImageOfPage\":{\"@id\":\"https:\/\/www2.203104.numlog.fr\/developpement-durable\/#primaryimage\"},\"image\":{\"@id\":\"https:\/\/www2.203104.numlog.fr\/developpement-durable\/#primaryimage\"},\"thumbnailUrl\":\"https:\/\/www2.203104.numlog.fr\/wp-content\/uploads\/2024\/06\/Banniere-Linkedin.png\",\"datePublished\":\"2024-06-11T12:35:51+00:00\",\"dateModified\":\"2024-08-28T08:58:33+00:00\",\"description\":\"La r\u00e9ussite du groupe GIRON et son avenir s\u2019appuient sur une d\u00e9marche volontaire pour des engagements en mati\u00e8re de RSE. \u00a0\",\"breadcrumb\":{\"@id\":\"https:\/\/www2.203104.numlog.fr\/developpement-durable\/#breadcrumb\"},\"inLanguage\":\"en-US\",\"potentialAction\":[{\"@type\":\"ReadAction\",\"target\":[\"https:\/\/www2.203104.numlog.fr\/developpement-durable\/\"]}]},{\"@type\":\"ImageObject\",\"inLanguage\":\"en-US\",\"@id\":\"https:\/\/www2.203104.numlog.fr\/developpement-durable\/#primaryimage\",\"url\":\"https:\/\/www2.203104.numlog.fr\/wp-content\/uploads\/2024\/06\/Banniere-Linkedin.png\",\"contentUrl\":\"https:\/\/www2.203104.numlog.fr\/wp-content\/uploads\/2024\/06\/Banniere-Linkedin.png\"},{\"@type\":\"BreadcrumbList\",\"@id\":\"https:\/\/www2.203104.numlog.fr\/developpement-durable\/#breadcrumb\",\"itemListElement\":[{\"@type\":\"ListItem\",\"position\":1,\"name\":\"Home\",\"item\":\"https:\/\/www2.203104.numlog.fr\/\"},{\"@type\":\"ListItem\",\"position\":2,\"name\":\"LE D\u00c9VELOPPEMENT DURABLE CHEZ GIRON\"}]},{\"@type\":\"WebSite\",\"@id\":\"https:\/\/www2.203104.numlog.fr\/#website\",\"url\":\"https:\/\/www2.203104.numlog.fr\/\",\"name\":\"Giron\",\"description\":\"Fabricant fran\u00e7ais de toile de criblage en acier et polyur\u00e9thane\",\"publisher\":{\"@id\":\"https:\/\/www2.203104.numlog.fr\/#organization\"},\"potentialAction\":[{\"@type\":\"SearchAction\",\"target\":{\"@type\":\"EntryPoint\",\"urlTemplate\":\"https:\/\/www2.203104.numlog.fr\/?s={search_term_string}\"},\"query-input\":{\"@type\":\"PropertyValueSpecification\",\"valueRequired\":true,\"valueName\":\"search_term_string\"}}],\"inLanguage\":\"en-US\"},{\"@type\":\"Organization\",\"@id\":\"https:\/\/www2.203104.numlog.fr\/#organization\",\"name\":\"Giron\",\"url\":\"https:\/\/www2.203104.numlog.fr\/\",\"logo\":{\"@type\":\"ImageObject\",\"inLanguage\":\"en-US\",\"@id\":\"https:\/\/www2.203104.numlog.fr\/#\/schema\/logo\/image\/\",\"url\":\"https:\/\/www2.203104.numlog.fr\/wp-content\/uploads\/2024\/07\/Logo-Giron-Baseline-FR.png\",\"contentUrl\":\"https:\/\/www2.203104.numlog.fr\/wp-content\/uploads\/2024\/07\/Logo-Giron-Baseline-FR.png\",\"width\":1772,\"height\":591,\"caption\":\"Giron\"},\"image\":{\"@id\":\"https:\/\/www2.203104.numlog.fr\/#\/schema\/logo\/image\/\"}}]}<\/script>\n<!-- \/ Yoast SEO plugin. -->","yoast_head_json":{"title":"LE D\u00c9VELOPPEMENT DURABLE CHEZ GIRON - Giron","description":"La r\u00e9ussite du groupe GIRON et son avenir s\u2019appuient sur une d\u00e9marche volontaire pour des engagements en mati\u00e8re de RSE. \u00a0","robots":{"index":"noindex","follow":"follow","max-snippet":"max-snippet:-1","max-image-preview":"max-image-preview:large","max-video-preview":"max-video-preview:-1"},"og_locale":"en_US","og_type":"article","og_title":"LE D\u00c9VELOPPEMENT DURABLE CHEZ GIRON - Giron","og_description":"La r\u00e9ussite du groupe GIRON et son avenir s\u2019appuient sur une d\u00e9marche volontaire pour des engagements en mati\u00e8re de RSE. \u00a0","og_url":"https:\/\/www2.203104.numlog.fr\/en\/developpement-durable\/","og_site_name":"Giron","article_modified_time":"2024-08-28T08:58:33+00:00","og_image":[{"url":"https:\/\/www2.203104.numlog.fr\/wp-content\/uploads\/2024\/06\/Banniere-Linkedin.png"}],"twitter_card":"summary_large_image","twitter_misc":{"Est. reading time":"5 minutes"},"schema":{"@context":"https:\/\/schema.org","@graph":[{"@type":"WebPage","@id":"https:\/\/www2.203104.numlog.fr\/developpement-durable\/","url":"https:\/\/www2.203104.numlog.fr\/developpement-durable\/","name":"LE D\u00c9VELOPPEMENT DURABLE CHEZ GIRON - Giron","isPartOf":{"@id":"https:\/\/www2.203104.numlog.fr\/#website"},"primaryImageOfPage":{"@id":"https:\/\/www2.203104.numlog.fr\/developpement-durable\/#primaryimage"},"image":{"@id":"https:\/\/www2.203104.numlog.fr\/developpement-durable\/#primaryimage"},"thumbnailUrl":"https:\/\/www2.203104.numlog.fr\/wp-content\/uploads\/2024\/06\/Banniere-Linkedin.png","datePublished":"2024-06-11T12:35:51+00:00","dateModified":"2024-08-28T08:58:33+00:00","description":"La r\u00e9ussite du groupe GIRON et son avenir s\u2019appuient sur une d\u00e9marche volontaire pour des engagements en mati\u00e8re de RSE. \u00a0","breadcrumb":{"@id":"https:\/\/www2.203104.numlog.fr\/developpement-durable\/#breadcrumb"},"inLanguage":"en-US","potentialAction":[{"@type":"ReadAction","target":["https:\/\/www2.203104.numlog.fr\/developpement-durable\/"]}]},{"@type":"ImageObject","inLanguage":"en-US","@id":"https:\/\/www2.203104.numlog.fr\/developpement-durable\/#primaryimage","url":"https:\/\/www2.203104.numlog.fr\/wp-content\/uploads\/2024\/06\/Banniere-Linkedin.png","contentUrl":"https:\/\/www2.203104.numlog.fr\/wp-content\/uploads\/2024\/06\/Banniere-Linkedin.png"},{"@type":"BreadcrumbList","@id":"https:\/\/www2.203104.numlog.fr\/developpement-durable\/#breadcrumb","itemListElement":[{"@type":"ListItem","position":1,"name":"Home","item":"https:\/\/www2.203104.numlog.fr\/"},{"@type":"ListItem","position":2,"name":"LE D\u00c9VELOPPEMENT DURABLE CHEZ GIRON"}]},{"@type":"WebSite","@id":"https:\/\/www2.203104.numlog.fr\/#website","url":"https:\/\/www2.203104.numlog.fr\/","name":"Giron","description":"Fabricant fran\u00e7ais de toile de criblage en acier et polyur\u00e9thane","publisher":{"@id":"https:\/\/www2.203104.numlog.fr\/#organization"},"potentialAction":[{"@type":"SearchAction","target":{"@type":"EntryPoint","urlTemplate":"https:\/\/www2.203104.numlog.fr\/?s={search_term_string}"},"query-input":{"@type":"PropertyValueSpecification","valueRequired":true,"valueName":"search_term_string"}}],"inLanguage":"en-US"},{"@type":"Organization","@id":"https:\/\/www2.203104.numlog.fr\/#organization","name":"Giron","url":"https:\/\/www2.203104.numlog.fr\/","logo":{"@type":"ImageObject","inLanguage":"en-US","@id":"https:\/\/www2.203104.numlog.fr\/#\/schema\/logo\/image\/","url":"https:\/\/www2.203104.numlog.fr\/wp-content\/uploads\/2024\/07\/Logo-Giron-Baseline-FR.png","contentUrl":"https:\/\/www2.203104.numlog.fr\/wp-content\/uploads\/2024\/07\/Logo-Giron-Baseline-FR.png","width":1772,"height":591,"caption":"Giron"},"image":{"@id":"https:\/\/www2.203104.numlog.fr\/#\/schema\/logo\/image\/"}}]}},"_links":{"self":[{"href":"https:\/\/www2.203104.numlog.fr\/en\/wp-json\/wp\/v2\/pages\/1278"}],"collection":[{"href":"https:\/\/www2.203104.numlog.fr\/en\/wp-json\/wp\/v2\/pages"}],"about":[{"href":"https:\/\/www2.203104.numlog.fr\/en\/wp-json\/wp\/v2\/types\/page"}],"author":[{"embeddable":true,"href":"https:\/\/www2.203104.numlog.fr\/en\/wp-json\/wp\/v2\/users\/3"}],"replies":[{"embeddable":true,"href":"https:\/\/www2.203104.numlog.fr\/en\/wp-json\/wp\/v2\/comments?post=1278"}],"version-history":[{"count":25,"href":"https:\/\/www2.203104.numlog.fr\/en\/wp-json\/wp\/v2\/pages\/1278\/revisions"}],"predecessor-version":[{"id":2009,"href":"https:\/\/www2.203104.numlog.fr\/en\/wp-json\/wp\/v2\/pages\/1278\/revisions\/2009"}],"wp:attachment":[{"href":"https:\/\/www2.203104.numlog.fr\/en\/wp-json\/wp\/v2\/media?parent=1278"}],"curies":[{"name":"wp","href":"https:\/\/api.w.org\/{rel}","templated":true}]}}