{"id":1278,"date":"2024-06-11T14:35:51","date_gmt":"2024-06-11T12:35:51","guid":{"rendered":"https:\/\/www2.203104.numlog.fr\/?page_id=1278"},"modified":"2024-08-28T10:58:33","modified_gmt":"2024-08-28T08:58:33","slug":"developpement-durable","status":"publish","type":"page","link":"https:\/\/www2.203104.numlog.fr\/de\/developpement-durable\/","title":{"rendered":"NACHHALTIGE ENTWICKLUNG BEI GIRON"},"content":{"rendered":"<div class=\"wp-block-group has-global-padding is-layout-constrained wp-block-group-is-layout-constrained\" data-block-type=\"core\">\n<figure class=\"wp-block-image aligncenter size-full is-resized\" data-block-type=\"core\"><img loading=\"lazy\" decoding=\"async\" width=\"1128\" height=\"191\" src=\"https:\/\/www2.203104.numlog.fr\/wp-content\/uploads\/2024\/06\/Banniere-Linkedin.png\" alt=\"\" class=\"wp-image-1446\" style=\"width:1161px;height:auto\" srcset=\"https:\/\/www2.203104.numlog.fr\/wp-content\/uploads\/2024\/06\/Banniere-Linkedin.png 1128w, https:\/\/www2.203104.numlog.fr\/wp-content\/uploads\/2024\/06\/Banniere-Linkedin-300x51.png 300w, https:\/\/www2.203104.numlog.fr\/wp-content\/uploads\/2024\/06\/Banniere-Linkedin-1024x173.png 1024w, https:\/\/www2.203104.numlog.fr\/wp-content\/uploads\/2024\/06\/Banniere-Linkedin-768x130.png 768w, https:\/\/www2.203104.numlog.fr\/wp-content\/uploads\/2024\/06\/Banniere-Linkedin-18x3.png 18w\" sizes=\"(max-width: 1128px) 100vw, 1128px\" \/><\/figure>\n\n\n\n<h2 class=\"wp-block-heading\" data-block-type=\"core\">Weit mehr als eine Rede<\/h2>\n\n\n\n<p>Der Erfolg der GIRON Gruppe und ihre Zukunft beruhen auf einem freiwilligen Vorgehen und Verpflichtungen im Bereich der sozialen und \u00f6kologischen Verantwortung.&nbsp;<\/p>\n\n\n\n<p>Wir wollen die Umsetzung der Grunds\u00e4tze der sozialen Verantwortung der Unternehmen und der nachhaltigen Entwicklung bei unseren Mitarbeitern, Lieferanten und Subunternehmern, aber auch bei unseren Kunden auf der Grundlage eines Willens zur st\u00e4ndigen Verbesserung f\u00f6rdern.<\/p>\n\n\n\n<p>Seit unserer Gr\u00fcndung im Jahr 1924 arbeiten wir daran, das Vertrauen unserer Mitarbeiter, Partner, Kunden oder anderer Interessengruppen in unserem Umfeld zu gewinnen, was zum heutigen Ruf von Giron gef\u00fchrt hat.<\/p>\n\n\n\n<p>Zahlreiche interne und externe Initiativen werden seit vielen Jahren durchgef\u00fchrt, um alle unsere Mitarbeiter f\u00fcr die folgenden Themen zu sensibilisieren<strong> drei gro\u00dfe S\u00e4ulen der CSR <\/strong>:<\/p>\n\n\n\n<ul class=\"wp-block-list\" data-block-type=\"core\">\n<li data-aos=\"fade-up\" data-block-type=\"core\"><strong>Environnement : <\/strong>R\u00e9duire notre empreinte carbone, d\u00e9velopper des solutions \u00e9cologiques et promouvoir l\u2019\u00e9conomie circulaire.<\/li>\n\n\n\n<li data-aos=\"fade-up\" data-block-type=\"core\"><strong>Social : <\/strong>Offrir un environnement de travail de qualit\u00e9, favoriser la diversit\u00e9 et soutenir les communaut\u00e9s locales.<\/li>\n\n\n\n<li data-aos=\"fade-up\" data-block-type=\"core\"><strong>Wirtschaft<\/strong> : Assurer une croissance durable, cr\u00e9er de la valeur pour nos clients et contribuer \u00e0 un avenir meilleur avec nos brevets et labels.<\/li>\n<\/ul>\n<\/div>\n\n\n\n<div style=\"height:6px\" aria-hidden=\"true\" class=\"wp-block-spacer\" data-block-type=\"core\"><\/div>\n\n\n\n<div class=\"wp-block-group has-custom-giron-gris-clair-background-color has-background has-global-padding is-layout-constrained wp-block-group-is-layout-constrained\" data-block-type=\"core\">\n<div style=\"height:12px\" aria-hidden=\"true\" class=\"wp-block-spacer\" data-block-type=\"core\"><\/div>\n\n\n\n<h3 class=\"wp-block-heading\" data-block-type=\"core\">Woher kommt der Begriff nachhaltige Entwicklung?<\/h3>\n\n\n\n<p>Der Begriff <strong>d\u00e9veloppement durable<\/strong> hat seine Wurzeln im Bereich der Forstwirtschaft, wo er eine Praxis bezeichnete, bei der nicht mehr Waldressourcen entnommen werden, als nat\u00fcrlich nachwachsen. Dieser Ansatz wurde sp\u00e4ter ausgeweitet und auf andere Bereiche angewendet, was zu einer umfassenderen Definition f\u00fchrte.<\/p>\n\n\n\n<blockquote class=\"wp-block-quote is-layout-flow wp-block-quote-is-layout-flow\" data-block-type=\"core\">\n<figure class=\"wp-block-pullquote\" data-block-type=\"core\"><blockquote><p><strong>Le d\u00e9veloppement durable est un d\u00e9veloppement qui r\u00e9pond aux besoins du pr\u00e9sent sans compromettre la possibilit\u00e9, pour les g\u00e9n\u00e9rations \u00e0 venir, de pouvoir r\u00e9pondre \u00e0 leurs propres besoins.<\/strong><\/p><\/blockquote><\/figure>\n<\/blockquote>\n<\/div>\n\n\n\n<div class=\"wp-block-group has-global-padding is-layout-constrained wp-block-group-is-layout-constrained\" data-block-type=\"core\">\n<h2 class=\"wp-block-heading has-text-align-center\" data-block-type=\"core\">einige <strong>CSR-Ma\u00dfnahmen Vom Unternehmen umgesetzt <\/strong><\/h2>\n\n\n\n<div class=\"wp-block-media-text alignwide has-media-on-the-right is-vertically-aligned-center\" style=\"grid-template-columns:auto 40%\" data-aos=\"flip-up\" data-block-type=\"core\"><div class=\"wp-block-media-text__content\">\n<p data-aos=\"flip-up\"><strong>Installation von Sonnenkollektoren im Jahr 2024<\/strong> mit dem man seinen CO2-Fu\u00dfabdruck verringern kann, indem man seinen eigenen Strom aus einer erneuerbaren Energiequelle erzeugt.<\/p>\n\n\n\n<p data-aos=\"flip-up\"><strong>Recycling von Siebgeweberesten mit einer K\u00fcnstlervereinigung : <\/strong>Giron donne une seconde vie \u00e0 ses d\u00e9chets en collaborant avec David pour cr\u00e9er des \u0153uvres d\u2019art \u00e0 partir de chutes de toiles de criblage. Cela permet de r\u00e9duire la quantit\u00e9 de d\u00e9chets envoy\u00e9s \u00e0 la d\u00e9charge et de promouvoir l\u2019art durable.<\/p>\n\n\n\n<p data-aos=\"flip-up\"><strong>Travail sur la gestion des \u00e9nergies pour r\u00e9duire sa consommation d\u2019\u00e9nergie,<\/strong> telles que l\u2019optimisation de l\u2019\u00e9clairage et des syst\u00e8mes de chauffage\/refroidissement, la gestion du d\u00e9marrage\/arr\u00eat des machines.<\/p>\n\n\n\n<p data-aos=\"flip-up\"><strong>Recyclage des d\u00e9chets avec le Ressort EBE et Lostis, <\/strong>pour recycler ses palettes bois ce qui permet de r\u00e9duire la quantit\u00e9 de d\u00e9chets envoy\u00e9s \u00e0 la d\u00e9charge et de soutenir une entreprise d\u2019insertion professionnelle. 80% des d\u00e9chets sont recycl\u00e9s chez nous, nous travaillons encore sur nos DIB.<\/p>\n<\/div><figure class=\"wp-block-media-text__media\"><img loading=\"lazy\" decoding=\"async\" width=\"1024\" height=\"1024\" src=\"https:\/\/www2.203104.numlog.fr\/wp-content\/uploads\/2024\/08\/DE-NRJ.png\" alt=\"\" class=\"wp-image-1447 size-full\" srcset=\"https:\/\/www2.203104.numlog.fr\/wp-content\/uploads\/2024\/08\/DE-NRJ.png 1200w, https:\/\/www2.203104.numlog.fr\/wp-content\/uploads\/2024\/08\/DE-NRJ-300x300.png 300w, https:\/\/www2.203104.numlog.fr\/wp-content\/uploads\/2024\/08\/DE-NRJ-1024x1024.png 1024w, https:\/\/www2.203104.numlog.fr\/wp-content\/uploads\/2024\/08\/DE-NRJ-150x150.png 150w, https:\/\/www2.203104.numlog.fr\/wp-content\/uploads\/2024\/08\/DE-NRJ-768x768.png 768w, https:\/\/www2.203104.numlog.fr\/wp-content\/uploads\/2024\/08\/DE-NRJ-12x12.png 12w\" sizes=\"(max-width: 1024px) 100vw, 1024px\" \/><\/figure><\/div>\n\n\n\n<div class=\"wp-block-media-text alignwide is-vertically-aligned-center\" style=\"grid-template-columns:40% auto\" data-aos=\"flip-up\" data-block-type=\"core\"><figure class=\"wp-block-media-text__media\"><img loading=\"lazy\" decoding=\"async\" width=\"1024\" height=\"1024\" src=\"https:\/\/www2.203104.numlog.fr\/wp-content\/uploads\/2024\/08\/DE-Collab.png\" alt=\"\" class=\"wp-image-1449 size-full\" srcset=\"https:\/\/www2.203104.numlog.fr\/wp-content\/uploads\/2024\/08\/DE-Collab.png 1200w, https:\/\/www2.203104.numlog.fr\/wp-content\/uploads\/2024\/08\/DE-Collab-300x300.png 300w, https:\/\/www2.203104.numlog.fr\/wp-content\/uploads\/2024\/08\/DE-Collab-1024x1024.png 1024w, https:\/\/www2.203104.numlog.fr\/wp-content\/uploads\/2024\/08\/DE-Collab-150x150.png 150w, https:\/\/www2.203104.numlog.fr\/wp-content\/uploads\/2024\/08\/DE-Collab-768x768.png 768w, https:\/\/www2.203104.numlog.fr\/wp-content\/uploads\/2024\/08\/DE-Collab-12x12.png 12w\" sizes=\"(max-width: 1024px) 100vw, 1024px\" \/><\/figure><div class=\"wp-block-media-text__content\">\n<p data-aos=\"flip-up\"><strong>Collaboration avec Deastance service <\/strong>entreprise adapt\u00e9e pour la r\u00e9daction d\u2019articles ce qui permet de soutenir l\u2019inclusion professionnelle des personnes en situation de handicap.<\/p>\n\n\n\n<p data-aos=\"flip-up\"><strong>Partnerschaft mit Jazzellerault<\/strong>.<\/p>\n\n\n\n<p data-aos=\"flip-up\"><strong>Partnerschaft mit 205 Rallye : <\/strong>Giron soutient une \u00e9quipe du 205 Rallye, un \u00e9v\u00e9nement sportif automobile, ce qui permet de promouvoir l\u2019entreprise et de renforcer sa visibilit\u00e9.<\/p>\n\n\n\n<p data-aos=\"flip-up\"><strong>Partnerschaft mit dem Kunsthandwerkermarkt : <\/strong>Giron arbeitet mit dem Markt der lokalen Handwerker zusammen, um das Kunsthandwerk und die Produkte aus der Region zu f\u00f6rdern.<\/p>\n\n\n\n<p data-aos=\"flip-up\"><strong>Partnerschaft mit l'Art en Vrac : <\/strong>Giron soutient l\u2019Art en Vrac, une association qui promeut l\u2019art contemporain.<\/p>\n\n\n\n<p data-aos=\"flip-up\"><strong>Partnerschaft mit der Amazonen-Rallye : <\/strong>Giron soutient une \u00e9quipe du Rallye des Amazones, un raid automobile f\u00e9minin, ce qui permet de promouvoir l\u2019entreprise et de soutenir les femmes sportives.<\/p>\n\n\n\n<p><strong>M\u00e4zenatentum mit ENSAP f\u00fcr ihr Projekt Archi en Folie f\u00fcr die Olympischen Spiele 2024 : <\/strong>une \u00e9cole d\u2019architecture qui organise des \u00e9v\u00e9nements architecturaux, dans le cadre des Jeux Olympiques de 2024.<\/p>\n<\/div><\/div>\n\n\n\n<div class=\"wp-block-media-text alignwide has-media-on-the-right is-vertically-aligned-center\" style=\"grid-template-columns:auto 40%\" data-aos=\"flip-up\" data-block-type=\"core\"><div class=\"wp-block-media-text__content\">\n<p data-aos=\"flip-up\"><strong>Installation de ruches sur le terrain de l\u2019entreprise \u2013 <\/strong>r\u00e9colte de miel et distribution \u00e0 tous les salari\u00e9s : Giron installe des ruches sur son site afin de promouvoir la biodiversit\u00e9 et de produire du miel qui est ensuite distribu\u00e9 aux salari\u00e9s.<\/p>\n\n\n\n<p data-aos=\"flip-up\"><strong>Neue Str\u00e4ucher pflanzen : <\/strong>Giron pflanzt auf seinem Gel\u00e4nde neue Str\u00e4ucher verschiedener Baumarten, um die biologische Vielfalt zu f\u00f6rdern und eine angenehmere Umgebung f\u00fcr seine Besch\u00e4ftigten zu schaffen.<\/p>\n\n\n\n<p data-aos=\"flip-up\"><strong>Betriebssport mit einem Tischtennis-Team f\u00fcr eine Firmenmeisterschaft und Teilnahme an den Business-to-Business-Challenges von Grand Poitiers : <\/strong>Giron f\u00f6rdert den Betriebssport durch die Organisation einer Tischtennismannschaft und die Teilnahme an unternehmens\u00fcbergreifenden Sportherausforderungen.<\/p>\n<\/div><figure class=\"wp-block-media-text__media\"><img loading=\"lazy\" decoding=\"async\" width=\"1024\" height=\"1024\" src=\"https:\/\/www2.203104.numlog.fr\/wp-content\/uploads\/2024\/08\/DE-ENVIR.png\" alt=\"\" class=\"wp-image-1582 size-full\" srcset=\"https:\/\/www2.203104.numlog.fr\/wp-content\/uploads\/2024\/08\/DE-ENVIR.png 1200w, https:\/\/www2.203104.numlog.fr\/wp-content\/uploads\/2024\/08\/DE-ENVIR-300x300.png 300w, https:\/\/www2.203104.numlog.fr\/wp-content\/uploads\/2024\/08\/DE-ENVIR-1024x1024.png 1024w, https:\/\/www2.203104.numlog.fr\/wp-content\/uploads\/2024\/08\/DE-ENVIR-150x150.png 150w, https:\/\/www2.203104.numlog.fr\/wp-content\/uploads\/2024\/08\/DE-ENVIR-768x768.png 768w, https:\/\/www2.203104.numlog.fr\/wp-content\/uploads\/2024\/08\/DE-ENVIR-12x12.png 12w\" sizes=\"(max-width: 1024px) 100vw, 1024px\" \/><\/figure><\/div>\n\n\n\n<div style=\"height:46px\" aria-hidden=\"true\" class=\"wp-block-spacer\" data-block-type=\"core\"><\/div>\n\n\n\n<p>Ces actions RSE d\u00e9montrent l\u2019engagement de Giron en<strong> faveur du d\u00e9veloppement durable <\/strong>et de la <strong>responsabilit\u00e9 soci\u00e9tale des entreprises<\/strong>. L\u2019entreprise s\u2019implique dans une vari\u00e9t\u00e9 d\u2019initiatives qui visent \u00e0 r\u00e9duire son impact environnemental, \u00e0 soutenir les communaut\u00e9s locales et \u00e0 promouvoir le bien-\u00eatre de ses salari\u00e9s.<\/p>\n\n\n\n<div class=\"wp-block-file aligncenter\" data-block-type=\"core\"><a id=\"wp-block-file--media-80a06467-b49b-4be3-a342-00951ddff378\" href=\"https:\/\/www2.203104.numlog.fr\/wp-content\/uploads\/2024\/06\/00-CHARTE-RSE-version-FL-2024.pdf\">Entdecken Sie unsere CSR-Last<\/a><a href=\"https:\/\/www2.203104.numlog.fr\/wp-content\/uploads\/2024\/06\/00-CHARTE-RSE-version-FL-2024.pdf\" class=\"wp-block-file__button wp-element-button\" download aria-describedby=\"wp-block-file--media-80a06467-b49b-4be3-a342-00951ddff378\">Sehen Sie sich das Dokument an<\/a><\/div>\n<\/div>","protected":false},"excerpt":{"rendered":"<p>Bien plus qu&rsquo;un discours La r\u00e9ussite du groupe GIRON et son avenir s\u2019appuient sur une d\u00e9marche volontaire et des engagements [&hellip;]<\/p>","protected":false},"author":3,"featured_media":0,"parent":0,"menu_order":0,"comment_status":"closed","ping_status":"closed","template":"","meta":{"_acf_changed":false,"footnotes":""},"class_list":["post-1278","page","type-page","status-publish","hentry"],"acf":[],"yoast_head":"<!-- This site is optimized with the Yoast SEO plugin v23.4 - https:\/\/yoast.com\/wordpress\/plugins\/seo\/ -->\n<title>LE D\u00c9VELOPPEMENT DURABLE CHEZ GIRON - Giron<\/title>\n<meta name=\"description\" content=\"La r\u00e9ussite du groupe GIRON et son avenir s\u2019appuient sur une d\u00e9marche volontaire pour des engagements en mati\u00e8re de RSE. \u00a0\" \/>\n<meta name=\"robots\" content=\"noindex, follow, max-snippet:-1, max-image-preview:large, max-video-preview:-1\" \/>\n<meta property=\"og:locale\" content=\"de_DE\" \/>\n<meta property=\"og:type\" content=\"article\" \/>\n<meta property=\"og:title\" content=\"LE D\u00c9VELOPPEMENT DURABLE CHEZ GIRON - Giron\" \/>\n<meta property=\"og:description\" content=\"La r\u00e9ussite du groupe GIRON et son avenir s\u2019appuient sur une d\u00e9marche volontaire pour des engagements en mati\u00e8re de RSE. \u00a0\" \/>\n<meta property=\"og:url\" content=\"https:\/\/www2.203104.numlog.fr\/de\/developpement-durable\/\" \/>\n<meta property=\"og:site_name\" content=\"Giron\" \/>\n<meta property=\"article:modified_time\" content=\"2024-08-28T08:58:33+00:00\" \/>\n<meta property=\"og:image\" content=\"https:\/\/www2.203104.numlog.fr\/wp-content\/uploads\/2024\/06\/Banniere-Linkedin.png\" \/>\n<meta name=\"twitter:card\" content=\"summary_large_image\" \/>\n<meta name=\"twitter:label1\" content=\"Est. reading time\" \/>\n\t<meta name=\"twitter:data1\" content=\"5 minutes\" \/>\n<script type=\"application\/ld+json\" class=\"yoast-schema-graph\">{\"@context\":\"https:\/\/schema.org\",\"@graph\":[{\"@type\":\"WebPage\",\"@id\":\"https:\/\/www2.203104.numlog.fr\/developpement-durable\/\",\"url\":\"https:\/\/www2.203104.numlog.fr\/developpement-durable\/\",\"name\":\"LE D\u00c9VELOPPEMENT DURABLE CHEZ GIRON - Giron\",\"isPartOf\":{\"@id\":\"https:\/\/www2.203104.numlog.fr\/#website\"},\"primaryImageOfPage\":{\"@id\":\"https:\/\/www2.203104.numlog.fr\/developpement-durable\/#primaryimage\"},\"image\":{\"@id\":\"https:\/\/www2.203104.numlog.fr\/developpement-durable\/#primaryimage\"},\"thumbnailUrl\":\"https:\/\/www2.203104.numlog.fr\/wp-content\/uploads\/2024\/06\/Banniere-Linkedin.png\",\"datePublished\":\"2024-06-11T12:35:51+00:00\",\"dateModified\":\"2024-08-28T08:58:33+00:00\",\"description\":\"La r\u00e9ussite du groupe GIRON et son avenir s\u2019appuient sur une d\u00e9marche volontaire pour des engagements en mati\u00e8re de RSE. \u00a0\",\"breadcrumb\":{\"@id\":\"https:\/\/www2.203104.numlog.fr\/developpement-durable\/#breadcrumb\"},\"inLanguage\":\"de-DE\",\"potentialAction\":[{\"@type\":\"ReadAction\",\"target\":[\"https:\/\/www2.203104.numlog.fr\/developpement-durable\/\"]}]},{\"@type\":\"ImageObject\",\"inLanguage\":\"de-DE\",\"@id\":\"https:\/\/www2.203104.numlog.fr\/developpement-durable\/#primaryimage\",\"url\":\"https:\/\/www2.203104.numlog.fr\/wp-content\/uploads\/2024\/06\/Banniere-Linkedin.png\",\"contentUrl\":\"https:\/\/www2.203104.numlog.fr\/wp-content\/uploads\/2024\/06\/Banniere-Linkedin.png\"},{\"@type\":\"BreadcrumbList\",\"@id\":\"https:\/\/www2.203104.numlog.fr\/developpement-durable\/#breadcrumb\",\"itemListElement\":[{\"@type\":\"ListItem\",\"position\":1,\"name\":\"Home\",\"item\":\"https:\/\/www2.203104.numlog.fr\/\"},{\"@type\":\"ListItem\",\"position\":2,\"name\":\"LE D\u00c9VELOPPEMENT DURABLE CHEZ GIRON\"}]},{\"@type\":\"WebSite\",\"@id\":\"https:\/\/www2.203104.numlog.fr\/#website\",\"url\":\"https:\/\/www2.203104.numlog.fr\/\",\"name\":\"Giron\",\"description\":\"Fabricant fran\u00e7ais de toile de criblage en acier et polyur\u00e9thane\",\"publisher\":{\"@id\":\"https:\/\/www2.203104.numlog.fr\/#organization\"},\"potentialAction\":[{\"@type\":\"SearchAction\",\"target\":{\"@type\":\"EntryPoint\",\"urlTemplate\":\"https:\/\/www2.203104.numlog.fr\/?s={search_term_string}\"},\"query-input\":{\"@type\":\"PropertyValueSpecification\",\"valueRequired\":true,\"valueName\":\"search_term_string\"}}],\"inLanguage\":\"de-DE\"},{\"@type\":\"Organization\",\"@id\":\"https:\/\/www2.203104.numlog.fr\/#organization\",\"name\":\"Giron\",\"url\":\"https:\/\/www2.203104.numlog.fr\/\",\"logo\":{\"@type\":\"ImageObject\",\"inLanguage\":\"de-DE\",\"@id\":\"https:\/\/www2.203104.numlog.fr\/#\/schema\/logo\/image\/\",\"url\":\"https:\/\/www2.203104.numlog.fr\/wp-content\/uploads\/2024\/07\/Logo-Giron-Baseline-FR.png\",\"contentUrl\":\"https:\/\/www2.203104.numlog.fr\/wp-content\/uploads\/2024\/07\/Logo-Giron-Baseline-FR.png\",\"width\":1772,\"height\":591,\"caption\":\"Giron\"},\"image\":{\"@id\":\"https:\/\/www2.203104.numlog.fr\/#\/schema\/logo\/image\/\"}}]}<\/script>\n<!-- \/ Yoast SEO plugin. -->","yoast_head_json":{"title":"LE D\u00c9VELOPPEMENT DURABLE CHEZ GIRON - Giron","description":"La r\u00e9ussite du groupe GIRON et son avenir s\u2019appuient sur une d\u00e9marche volontaire pour des engagements en mati\u00e8re de RSE. \u00a0","robots":{"index":"noindex","follow":"follow","max-snippet":"max-snippet:-1","max-image-preview":"max-image-preview:large","max-video-preview":"max-video-preview:-1"},"og_locale":"de_DE","og_type":"article","og_title":"LE D\u00c9VELOPPEMENT DURABLE CHEZ GIRON - Giron","og_description":"La r\u00e9ussite du groupe GIRON et son avenir s\u2019appuient sur une d\u00e9marche volontaire pour des engagements en mati\u00e8re de RSE. \u00a0","og_url":"https:\/\/www2.203104.numlog.fr\/de\/developpement-durable\/","og_site_name":"Giron","article_modified_time":"2024-08-28T08:58:33+00:00","og_image":[{"url":"https:\/\/www2.203104.numlog.fr\/wp-content\/uploads\/2024\/06\/Banniere-Linkedin.png"}],"twitter_card":"summary_large_image","twitter_misc":{"Est. reading time":"5 minutes"},"schema":{"@context":"https:\/\/schema.org","@graph":[{"@type":"WebPage","@id":"https:\/\/www2.203104.numlog.fr\/developpement-durable\/","url":"https:\/\/www2.203104.numlog.fr\/developpement-durable\/","name":"LE D\u00c9VELOPPEMENT DURABLE CHEZ GIRON - Giron","isPartOf":{"@id":"https:\/\/www2.203104.numlog.fr\/#website"},"primaryImageOfPage":{"@id":"https:\/\/www2.203104.numlog.fr\/developpement-durable\/#primaryimage"},"image":{"@id":"https:\/\/www2.203104.numlog.fr\/developpement-durable\/#primaryimage"},"thumbnailUrl":"https:\/\/www2.203104.numlog.fr\/wp-content\/uploads\/2024\/06\/Banniere-Linkedin.png","datePublished":"2024-06-11T12:35:51+00:00","dateModified":"2024-08-28T08:58:33+00:00","description":"La r\u00e9ussite du groupe GIRON et son avenir s\u2019appuient sur une d\u00e9marche volontaire pour des engagements en mati\u00e8re de RSE. \u00a0","breadcrumb":{"@id":"https:\/\/www2.203104.numlog.fr\/developpement-durable\/#breadcrumb"},"inLanguage":"de-DE","potentialAction":[{"@type":"ReadAction","target":["https:\/\/www2.203104.numlog.fr\/developpement-durable\/"]}]},{"@type":"ImageObject","inLanguage":"de-DE","@id":"https:\/\/www2.203104.numlog.fr\/developpement-durable\/#primaryimage","url":"https:\/\/www2.203104.numlog.fr\/wp-content\/uploads\/2024\/06\/Banniere-Linkedin.png","contentUrl":"https:\/\/www2.203104.numlog.fr\/wp-content\/uploads\/2024\/06\/Banniere-Linkedin.png"},{"@type":"BreadcrumbList","@id":"https:\/\/www2.203104.numlog.fr\/developpement-durable\/#breadcrumb","itemListElement":[{"@type":"ListItem","position":1,"name":"Home","item":"https:\/\/www2.203104.numlog.fr\/"},{"@type":"ListItem","position":2,"name":"LE D\u00c9VELOPPEMENT DURABLE CHEZ GIRON"}]},{"@type":"WebSite","@id":"https:\/\/www2.203104.numlog.fr\/#website","url":"https:\/\/www2.203104.numlog.fr\/","name":"Giron","description":"Fabricant fran\u00e7ais de toile de criblage en acier et polyur\u00e9thane","publisher":{"@id":"https:\/\/www2.203104.numlog.fr\/#organization"},"potentialAction":[{"@type":"SearchAction","target":{"@type":"EntryPoint","urlTemplate":"https:\/\/www2.203104.numlog.fr\/?s={search_term_string}"},"query-input":{"@type":"PropertyValueSpecification","valueRequired":true,"valueName":"search_term_string"}}],"inLanguage":"de-DE"},{"@type":"Organization","@id":"https:\/\/www2.203104.numlog.fr\/#organization","name":"Giron","url":"https:\/\/www2.203104.numlog.fr\/","logo":{"@type":"ImageObject","inLanguage":"de-DE","@id":"https:\/\/www2.203104.numlog.fr\/#\/schema\/logo\/image\/","url":"https:\/\/www2.203104.numlog.fr\/wp-content\/uploads\/2024\/07\/Logo-Giron-Baseline-FR.png","contentUrl":"https:\/\/www2.203104.numlog.fr\/wp-content\/uploads\/2024\/07\/Logo-Giron-Baseline-FR.png","width":1772,"height":591,"caption":"Giron"},"image":{"@id":"https:\/\/www2.203104.numlog.fr\/#\/schema\/logo\/image\/"}}]}},"_links":{"self":[{"href":"https:\/\/www2.203104.numlog.fr\/de\/wp-json\/wp\/v2\/pages\/1278"}],"collection":[{"href":"https:\/\/www2.203104.numlog.fr\/de\/wp-json\/wp\/v2\/pages"}],"about":[{"href":"https:\/\/www2.203104.numlog.fr\/de\/wp-json\/wp\/v2\/types\/page"}],"author":[{"embeddable":true,"href":"https:\/\/www2.203104.numlog.fr\/de\/wp-json\/wp\/v2\/users\/3"}],"replies":[{"embeddable":true,"href":"https:\/\/www2.203104.numlog.fr\/de\/wp-json\/wp\/v2\/comments?post=1278"}],"version-history":[{"count":25,"href":"https:\/\/www2.203104.numlog.fr\/de\/wp-json\/wp\/v2\/pages\/1278\/revisions"}],"predecessor-version":[{"id":2009,"href":"https:\/\/www2.203104.numlog.fr\/de\/wp-json\/wp\/v2\/pages\/1278\/revisions\/2009"}],"wp:attachment":[{"href":"https:\/\/www2.203104.numlog.fr\/de\/wp-json\/wp\/v2\/media?parent=1278"}],"curies":[{"name":"wp","href":"https:\/\/api.w.org\/{rel}","templated":true}]}}